{"id":100,"date":"2018-09-25T07:26:48","date_gmt":"2018-09-25T07:26:48","guid":{"rendered":"http:\/\/212.67.221.222\/~ojk\/app\/?page_id=100"},"modified":"2026-04-01T10:23:52","modified_gmt":"2026-04-01T10:23:52","slug":"management-and-strategy","status":"publish","type":"page","link":"https:\/\/ojk-isam.is\/en\/um-okkur\/stjorn-og-stefna\/","title":{"rendered":"Management"},"content":{"rendered":"<div class='breakdance'><section class=\"bde-section-100-100 bde-section\">\n  \n  \n\t\n\n\n\n<div class=\"section-container\"><h3 class=\"bde-heading-100-101 bde-heading\">\nAbout us\n<\/h3><h1 class=\"bde-heading-100-102 bde-heading\">\nManagement\n<\/h1><img decoding=\"async\" class=\"bde-image2-100-103 bde-image2\" src=\"https:\/\/ojk-isam.is\/wp-content\/uploads\/2024\/01\/RGB_FF-2023-Ice-Red-Horz-2.png\" loading=\"lazy\" srcset=\"https:\/\/ojk-isam.is\/wp-content\/uploads\/2024\/01\/RGB_FF-2023-Ice-Red-Horz-2.png 1813w, https:\/\/ojk-isam.is\/wp-content\/uploads\/2024\/01\/RGB_FF-2023-Ice-Red-Horz-2-300x81.png 300w, https:\/\/ojk-isam.is\/wp-content\/uploads\/2024\/01\/RGB_FF-2023-Ice-Red-Horz-2-1024x278.png 1024w, https:\/\/ojk-isam.is\/wp-content\/uploads\/2024\/01\/RGB_FF-2023-Ice-Red-Horz-2-768x208.png 768w, https:\/\/ojk-isam.is\/wp-content\/uploads\/2024\/01\/RGB_FF-2023-Ice-Red-Horz-2-1536x417.png 1536w, https:\/\/ojk-isam.is\/wp-content\/uploads\/2024\/01\/RGB_FF-2023-Ice-Red-Horz-2-1600x434.png 1600w, https:\/\/ojk-isam.is\/wp-content\/uploads\/2024\/01\/RGB_FF-2023-Ice-Red-Horz-2-500x136.png 500w, https:\/\/ojk-isam.is\/wp-content\/uploads\/2024\/01\/RGB_FF-2023-Ice-Red-Horz-2-800x217.png 800w, https:\/\/ojk-isam.is\/wp-content\/uploads\/2024\/01\/RGB_FF-2023-Ice-Red-Horz-2-1070x290.png 1070w, https:\/\/ojk-isam.is\/wp-content\/uploads\/2024\/01\/RGB_FF-2023-Ice-Red-Horz-2-1000x271.png 1000w, https:\/\/ojk-isam.is\/wp-content\/uploads\/2024\/01\/RGB_FF-2023-Ice-Red-Horz-2-835x227.png 835w\" sizes=\"(max-width: 1813px) 100vw, 1813px\"><img decoding=\"async\" class=\"bde-image2-100-106 bde-image2\" src=\"https:\/\/ojk-isam.is\/wp-content\/uploads\/2024\/01\/Untitled_1.59.1.jpg\" loading=\"lazy\" srcset=\"https:\/\/ojk-isam.is\/wp-content\/uploads\/2024\/01\/Untitled_1.59.1.jpg 1920w, https:\/\/ojk-isam.is\/wp-content\/uploads\/2024\/01\/Untitled_1.59.1-300x169.jpg 300w, https:\/\/ojk-isam.is\/wp-content\/uploads\/2024\/01\/Untitled_1.59.1-1024x576.jpg 1024w, https:\/\/ojk-isam.is\/wp-content\/uploads\/2024\/01\/Untitled_1.59.1-768x432.jpg 768w, https:\/\/ojk-isam.is\/wp-content\/uploads\/2024\/01\/Untitled_1.59.1-1536x864.jpg 1536w, https:\/\/ojk-isam.is\/wp-content\/uploads\/2024\/01\/Untitled_1.59.1-1600x900.jpg 1600w, https:\/\/ojk-isam.is\/wp-content\/uploads\/2024\/01\/Untitled_1.59.1-500x281.jpg 500w, https:\/\/ojk-isam.is\/wp-content\/uploads\/2024\/01\/Untitled_1.59.1-800x450.jpg 800w, https:\/\/ojk-isam.is\/wp-content\/uploads\/2024\/01\/Untitled_1.59.1-1070x602.jpg 1070w, https:\/\/ojk-isam.is\/wp-content\/uploads\/2024\/01\/Untitled_1.59.1-1000x563.jpg 1000w, https:\/\/ojk-isam.is\/wp-content\/uploads\/2024\/01\/Untitled_1.59.1-835x470.jpg 835w\" sizes=\"(max-width: 1920px) 100vw, 1920px\"><\/div>\n<\/section><section class=\"bde-section-100-107 bde-section\">\n  \n  \n\t\n\n\n\n<div class=\"section-container\"><div class=\"bde-div-100-108 bde-div\">\n  \n  \n\t\n\n\n\n<div class=\"bde-button-100-109 bde-button\">\n        \n    \n    \n    \n    \n            \n                    \n            \n            \n\n    \n    \n    \n    \n    \n    <a class=\"breakdance-link button-atom button-atom--text bde-button__button\" href=\"https:\/\/ojk-isam.is\/en\/about-us\/\" target=\"_self\" data-type=\"url\"  >\n\n    \n        <span class=\"button-atom__text\">About us<\/span>\n\n        \n        \n                <\/a>\n\n    \n\n\n<\/div><div class=\"bde-button-100-110 bde-button\">\n        \n    \n    \n    \n    \n            \n                    \n            \n            \n\n    \n    \n    \n    \n    \n    <a class=\"breakdance-link button-atom button-atom--text bde-button__button\" href=\"#stjorn\" target=\"_self\" data-type=\"url\"  >\n\n    \n        <span class=\"button-atom__text\">Management<\/span>\n\n        \n        \n                <\/a>\n\n    \n\n\n<\/div><div class=\"bde-button-100-111 bde-button\">\n        \n    \n    \n    \n    \n            \n                    \n            \n            \n\n    \n    \n    \n    \n    \n    <a class=\"breakdance-link button-atom button-atom--text bde-button__button\" href=\"https:\/\/ojk-isam.is\/en\/about-us\/human-capital\/\" target=\"_self\" data-type=\"url\"  >\n\n    \n        <span class=\"button-atom__text\">Human capital<\/span>\n\n        \n        \n                <\/a>\n\n    \n\n\n<\/div><div class=\"bde-button-100-112 bde-button\">\n        \n    \n    \n    \n    \n            \n                    \n            \n            \n\n    \n    \n    \n    \n    \n    <a class=\"breakdance-link button-atom button-atom--text bde-button__button\" href=\"https:\/\/ojk-isam.is\/en\/about-us\/workers\/\" target=\"_self\" data-type=\"url\"  >\n\n    \n        <span class=\"button-atom__text\">Staff<\/span>\n\n        \n        \n                <\/a>\n\n    \n\n\n<\/div>\n<\/div><div class=\"bde-columns-100-152 bde-columns\"><div class=\"bde-column-100-153 bde-column\">\n  \n  \n\t\n\n\n\n<h3 class=\"bde-heading-100-155 bde-heading\">\n\u00d3J&amp;K-\u00cdSAM\n<\/h3><h2 class=\"bde-heading-100-157 bde-heading\">\nManagement\n<\/h2><div class=\"bde-text-100-158 bde-text\">\n\u00d3. Johnson &amp; Kaaber - \u00cdSAM ehf. is owned by the company Eyjaberg ehf. in 100%.<br>The owners of Eyjaberg ehf. are Esjuberg ehf (50%) and Kristinn ehf. (50%).<br><br>The company's board of directors is composed as follows:<br>Gunnlaugur S\u00e6var Gunnlaugsson, chairman of the board<br>\u00d3lafur \u00d3. Johnson, manager<br>Gu\u00f0bj\u00f6rg Matth\u00edasd\u00f3ttir<br>Helga Gu\u00f0r\u00fan Johnson<br><br>Deputies:<br>Gu\u00f0r\u00fan Dr\u00edfa H\u00f3lmgeirsd\u00f3ttir<br>Egill \u00c1g\u00fastsson.<br><br>Deloitte ehf. is in charge of auditing for \u00d3J&amp;K-\u00cdSAM ehf.\n<\/div>\n<\/div><div class=\"bde-column-100-154 bde-column\">\n  \n  \n\t\n\n\n\n<img decoding=\"async\" class=\"bde-image2-100-159 bde-image2\" src=\"https:\/\/ojk-isam.is\/wp-content\/uploads\/2026\/04\/stjorn-1.jpg\" loading=\"lazy\" srcset=\"https:\/\/ojk-isam.is\/wp-content\/uploads\/2026\/04\/stjorn-1.jpg 630w, https:\/\/ojk-isam.is\/wp-content\/uploads\/2026\/04\/stjorn-1-265x300.jpg 265w, https:\/\/ojk-isam.is\/wp-content\/uploads\/2026\/04\/stjorn-1-441x500.jpg 441w\" sizes=\"(max-width: 630px) 100vw, 630px\">\n<\/div><\/div><\/div>\n<\/section><section class=\"bde-section-100-150 bde-section\">\n  \n  \n\t\n\n\n\n<div class=\"section-container\"><div id=\"stjorn\" class=\"bde-columns-100-113 bde-columns\"><div class=\"bde-column-100-143 bde-column\">\n  \n  \n\t\n\n\n\n<h3 class=\"bde-heading-100-144 bde-heading\">\nManagement\n<\/h3><h2 class=\"bde-heading-100-145 bde-heading\">\nExperience Professional Services\n<\/h2><div class=\"bde-text-100-146 bde-text\">\nThese are the three main values held in high regard by the company \u00d3J&amp;K-\u00cdSAM ehf. We aim to always offer products of the best quality at a favorable price, excellent service and reliability in all transactions.\n<\/div>\n<\/div><div class=\"bde-column-100-114 bde-column\">\n  \n  \n\t\n\n\n\n<img decoding=\"async\" class=\"bde-image2-100-149 bde-image2\" src=\"https:\/\/ojk-isam.is\/wp-content\/uploads\/2026\/04\/stjorn.jpg\" loading=\"lazy\" srcset=\"https:\/\/ojk-isam.is\/wp-content\/uploads\/2026\/04\/stjorn.jpg 1600w, https:\/\/ojk-isam.is\/wp-content\/uploads\/2026\/04\/stjorn-300x169.jpg 300w, https:\/\/ojk-isam.is\/wp-content\/uploads\/2026\/04\/stjorn-1024x576.jpg 1024w, https:\/\/ojk-isam.is\/wp-content\/uploads\/2026\/04\/stjorn-768x432.jpg 768w, https:\/\/ojk-isam.is\/wp-content\/uploads\/2026\/04\/stjorn-1536x864.jpg 1536w, https:\/\/ojk-isam.is\/wp-content\/uploads\/2026\/04\/stjorn-500x281.jpg 500w, https:\/\/ojk-isam.is\/wp-content\/uploads\/2026\/04\/stjorn-800x450.jpg 800w, https:\/\/ojk-isam.is\/wp-content\/uploads\/2026\/04\/stjorn-1070x602.jpg 1070w, https:\/\/ojk-isam.is\/wp-content\/uploads\/2026\/04\/stjorn-1000x563.jpg 1000w, https:\/\/ojk-isam.is\/wp-content\/uploads\/2026\/04\/stjorn-835x470.jpg 835w\" sizes=\"(max-width: 1600px) 100vw, 1600px\">\n<\/div><\/div><\/div>\n<\/section><section class=\"bde-section-100-151 bde-section\">\n  \n  \n\t\n\n\n\n<div class=\"section-container\"><div class=\"bde-columns-100-118 bde-columns\"><div class=\"bde-column-100-119 bde-column\">\n  \n  \n\t\n\n\n\n<h3 class=\"bde-heading-100-120 bde-heading\">\nCreditInfo\n<\/h3><h2 class=\"bde-heading-100-121 bde-heading\">\nExcellent company\n<\/h2><div class=\"bde-text-100-122 bde-text\">\n\u00d3J&amp;K-\u00cdSAM and its predecessor have been recognized by Creditinfo for being an excellent company in recent years. Excellent companies base their operations on strong foundations. The main goal of the analysis is to reward the companies that perform well and contribute to an improved business environment. Only about 2% companies in Iceland are in this group.\n<\/div><img decoding=\"async\" class=\"bde-image2-100-140 bde-image2\" src=\"https:\/\/ojk-isam.is\/wp-content\/uploads\/2024\/01\/RGB_FF-2023-Ice-Red-Horz-2.png\" loading=\"lazy\" srcset=\"https:\/\/ojk-isam.is\/wp-content\/uploads\/2024\/01\/RGB_FF-2023-Ice-Red-Horz-2.png 1813w, https:\/\/ojk-isam.is\/wp-content\/uploads\/2024\/01\/RGB_FF-2023-Ice-Red-Horz-2-300x81.png 300w, https:\/\/ojk-isam.is\/wp-content\/uploads\/2024\/01\/RGB_FF-2023-Ice-Red-Horz-2-1024x278.png 1024w, https:\/\/ojk-isam.is\/wp-content\/uploads\/2024\/01\/RGB_FF-2023-Ice-Red-Horz-2-768x208.png 768w, https:\/\/ojk-isam.is\/wp-content\/uploads\/2024\/01\/RGB_FF-2023-Ice-Red-Horz-2-1536x417.png 1536w, https:\/\/ojk-isam.is\/wp-content\/uploads\/2024\/01\/RGB_FF-2023-Ice-Red-Horz-2-1600x434.png 1600w, https:\/\/ojk-isam.is\/wp-content\/uploads\/2024\/01\/RGB_FF-2023-Ice-Red-Horz-2-500x136.png 500w, https:\/\/ojk-isam.is\/wp-content\/uploads\/2024\/01\/RGB_FF-2023-Ice-Red-Horz-2-800x217.png 800w, https:\/\/ojk-isam.is\/wp-content\/uploads\/2024\/01\/RGB_FF-2023-Ice-Red-Horz-2-1070x290.png 1070w, https:\/\/ojk-isam.is\/wp-content\/uploads\/2024\/01\/RGB_FF-2023-Ice-Red-Horz-2-1000x271.png 1000w, https:\/\/ojk-isam.is\/wp-content\/uploads\/2024\/01\/RGB_FF-2023-Ice-Red-Horz-2-835x227.png 835w\" sizes=\"(max-width: 1813px) 100vw, 1813px\">\n<\/div><div class=\"bde-column-100-123 bde-column\">\n  \n  \n\t\n\n\n\n<div class=\"bde-text-100-139 bde-text\">\n<b>What makes a company outstanding?<\/b><br><ul><br><li>The company is in credit rating category 1 -3<\/li><br><li>Annual accounts submitted in accordance with the law before September 1<\/li><br><li>The company is active according to Creditinfo definition<\/li><br><li>Managing director registered in RSK's company register<\/li><br><li>Operating income of a minimum of ISK 50 million in 2017 (new condition)<\/li><br><li>Operating profit (EBIT &gt; 0) in the last three operating years<\/li><br><li>Positive annual result for the last three operating years<\/li><br><li>Equity ratio higher than 20% in the last three operating years<\/li><br><li>Assets over ISK 100 million in 2017, ISK 90 million in 2016 and ISK 80 million in 2015 (changed conditions)<\/li><br><\/ul>\n<\/div>\n<\/div><\/div><\/div>\n<\/section><\/div>","protected":false},"excerpt":{"rendered":"<p>Um okkur Stj\u00f3rn \u00ed frams\u00e6knu fyrirt\u00e6ki Um okkur Stj\u00f3rn Mannau\u00f0ur Starfsf\u00f3lk \u00d3J&#038;K-\u00cdSAM Stj\u00f3rn \u00ed frams\u00e6knu fyrirt\u00e6ki \u00d3. Johnson &#038; Kaaber \u2013 \u00cdSAM ehf. er \u00ed 100% eigu f\u00e9lagsins Eyjabergs ehf.Eigendur Eyjabergs ehf. eru Esjuberg ehf (50%) og Kristinn ehf. (50%).Stj\u00f3rn f\u00e9lagsins er \u00feannig skipu\u00f0:Gunnlaugur S\u00e6var Gunnlaugsson, stj\u00f3rnarforma\u00f0ur\u00d3lafur \u00d3. Johnson, framkv\u00e6mdastj\u00f3riGu\u00f0bj\u00f6rg Matth\u00edasd\u00f3ttirHelga Gu\u00f0r\u00fan JohnsonVaramenn:Gu\u00f0r\u00fan Dr\u00edfa H\u00f3lmgeirsd\u00f3ttirEgill&#8230;  <a class=\"excerpt-read-more\" href=\"https:\/\/ojk-isam.is\/en\/um-okkur\/stjorn-og-stefna\/\" title=\"Read Stj\u00f3rn\">Read more \u00bbC\u00bb<\/a><\/p>","protected":false},"author":1,"featured_media":660,"parent":90,"menu_order":43,"comment_status":"closed","ping_status":"closed","template":"page-breakdance.php","meta":{"_acf_changed":false,"_breakdance_hide_in_design_set":false,"_breakdance_tags":"","footnotes":""},"class_list":["post-100","page","type-page","status-publish","has-post-thumbnail","hentry"],"acf":[],"_links":{"self":[{"href":"https:\/\/ojk-isam.is\/en\/wp-json\/wp\/v2\/pages\/100","targetHints":{"allow":["GET"]}}],"collection":[{"href":"https:\/\/ojk-isam.is\/en\/wp-json\/wp\/v2\/pages"}],"about":[{"href":"https:\/\/ojk-isam.is\/en\/wp-json\/wp\/v2\/types\/page"}],"author":[{"embeddable":true,"href":"https:\/\/ojk-isam.is\/en\/wp-json\/wp\/v2\/users\/1"}],"replies":[{"embeddable":true,"href":"https:\/\/ojk-isam.is\/en\/wp-json\/wp\/v2\/comments?post=100"}],"version-history":[{"count":0,"href":"https:\/\/ojk-isam.is\/en\/wp-json\/wp\/v2\/pages\/100\/revisions"}],"up":[{"embeddable":true,"href":"https:\/\/ojk-isam.is\/en\/wp-json\/wp\/v2\/pages\/90"}],"wp:featuredmedia":[{"embeddable":true,"href":"https:\/\/ojk-isam.is\/en\/wp-json\/wp\/v2\/media\/660"}],"wp:attachment":[{"href":"https:\/\/ojk-isam.is\/en\/wp-json\/wp\/v2\/media?parent=100"}],"curies":[{"name":"wp","href":"https:\/\/api.w.org\/{rel}","templated":true}]}}