{"id":104,"date":"2018-09-25T07:27:15","date_gmt":"2018-09-25T07:27:15","guid":{"rendered":"http:\/\/212.67.221.222\/~ojk\/app\/?page_id=104"},"modified":"2026-04-01T10:23:59","modified_gmt":"2026-04-01T10:23:59","slug":"human-capital","status":"publish","type":"page","link":"https:\/\/ojk-isam.is\/en\/um-okkur\/mannaudur\/","title":{"rendered":"Human capital"},"content":{"rendered":"<div class='breakdance'><section class=\"bde-section-104-100 bde-section\">\n  \n  \n\t\n\n\n\n<div class=\"section-container\"><h3 class=\"bde-heading-104-101 bde-heading\">\nAbout us\n<\/h3><h1 class=\"bde-heading-104-102 bde-heading\">\nHuman capital creates value\n<\/h1><img decoding=\"async\" class=\"bde-image2-104-103 bde-image2\" src=\"https:\/\/ojk-isam.is\/wp-content\/uploads\/2018\/09\/framurskarandi_2018.svg\" alt=\"outstanding_2018\" loading=\"lazy\"><img decoding=\"async\" class=\"bde-image2-104-104 bde-image2\" src=\"https:\/\/ojk-isam.is\/wp-content\/uploads\/2018\/09\/Starfsfo\u0301lk.jpg\" loading=\"lazy\" srcset=\"https:\/\/ojk-isam.is\/wp-content\/uploads\/2018\/09\/Starfsfo\u0301lk.jpg 1836w, https:\/\/ojk-isam.is\/wp-content\/uploads\/2018\/09\/Starfsfo\u0301lk-300x200.jpg 300w, https:\/\/ojk-isam.is\/wp-content\/uploads\/2018\/09\/Starfsfo\u0301lk-768x512.jpg 768w, https:\/\/ojk-isam.is\/wp-content\/uploads\/2018\/09\/Starfsfo\u0301lk-1024x683.jpg 1024w, https:\/\/ojk-isam.is\/wp-content\/uploads\/2018\/09\/Starfsfo\u0301lk-1500x1000.jpg 1500w, https:\/\/ojk-isam.is\/wp-content\/uploads\/2018\/09\/Starfsfo\u0301lk-800x533.jpg 800w, https:\/\/ojk-isam.is\/wp-content\/uploads\/2018\/09\/Starfsfo\u0301lk-1070x713.jpg 1070w, https:\/\/ojk-isam.is\/wp-content\/uploads\/2018\/09\/Starfsfo\u0301lk-1000x667.jpg 1000w, https:\/\/ojk-isam.is\/wp-content\/uploads\/2018\/09\/Starfsfo\u0301lk-835x557.jpg 835w\" sizes=\"(max-width: 1836px) 100vw, 1836px\"><\/div>\n<\/section><section class=\"bde-section-104-105 bde-section\">\n  \n  \n\t\n\n\n\n<div class=\"section-container\"><div class=\"bde-div-104-106 bde-div\">\n  \n  \n\t\n\n\n\n<div class=\"bde-button-104-107 bde-button\">\n        \n    \n    \n    \n    \n            \n                    \n            \n            \n\n    \n    \n    \n    \n    \n    <a class=\"breakdance-link button-atom button-atom--text bde-button__button\" href=\"https:\/\/ojk-isam.is\/en\/about-us\/\" target=\"_self\" data-type=\"url\"  >\n\n    \n        <span class=\"button-atom__text\">About us<\/span>\n\n        \n        \n                <\/a>\n\n    \n\n\n<\/div><div class=\"bde-button-104-108 bde-button\">\n        \n    \n    \n    \n    \n            \n                    \n            \n            \n\n    \n    \n    \n    \n    \n    <a class=\"breakdance-link button-atom button-atom--text bde-button__button\" href=\"https:\/\/ojk-isam.is\/en\/about-us\/management-and-strategy\/\" target=\"_self\" data-type=\"url\"  >\n\n    \n        <span class=\"button-atom__text\">Management<\/span>\n\n        \n        \n                <\/a>\n\n    \n\n\n<\/div><div class=\"bde-button-104-109 bde-button\">\n        \n    \n    \n    \n    \n            \n                    \n            \n            \n\n    \n    \n    \n    \n    \n    <a class=\"breakdance-link button-atom button-atom--text bde-button__button\" href=\"#mannaudur\" target=\"_self\" data-type=\"url\"  >\n\n    \n        <span class=\"button-atom__text\">Human capital<\/span>\n\n        \n        \n                <\/a>\n\n    \n\n\n<\/div><div class=\"bde-button-104-110 bde-button\">\n        \n    \n    \n    \n    \n            \n                    \n            \n            \n\n    \n    \n    \n    \n    \n    <a class=\"breakdance-link button-atom button-atom--text bde-button__button\" href=\"https:\/\/ojk-isam.is\/en\/about-us\/workers\/\" target=\"_self\" data-type=\"url\"  >\n\n    \n        <span class=\"button-atom__text\">Staff<\/span>\n\n        \n        \n                <\/a>\n\n    \n\n\n<\/div>\n<\/div><div class=\"bde-columns-104-122 bde-columns\"><div class=\"bde-column-104-123 bde-column\">\n  \n  \n\t\n\n\n\n<h3 class=\"bde-heading-104-124 bde-heading\">\nCollaboration\n<\/h3><h2 class=\"bde-heading-104-125 bde-heading\">\nWe are a strong team\n<\/h2><div class=\"bde-text-104-126 bde-text\">\nWith us, a person is chosen in every bed. At \u00d3J&amp;K-\u00cdSAM, about 130 people work. The team is powerful and close-knit and welcomes new members. The board of Huginn's staff association is dynamic and imaginative and regularly organizes fun events and events to strengthen the group and have fun.\n<\/div>\n<\/div><div class=\"bde-column-104-127 bde-column\">\n  \n  \n\t\n\n\n\n<img decoding=\"async\" class=\"bde-image2-104-128 bde-image2\" src=\"https:\/\/ojk-isam.is\/wp-content\/uploads\/2018\/09\/lager-net_13-1_vert.jpg\" alt=\"lager-net_13-1_vert\" loading=\"lazy\" srcset=\"https:\/\/ojk-isam.is\/wp-content\/uploads\/2018\/09\/lager-net_13-1_vert.jpg 841w, https:\/\/ojk-isam.is\/wp-content\/uploads\/2018\/09\/lager-net_13-1_vert-236x300.jpg 236w, https:\/\/ojk-isam.is\/wp-content\/uploads\/2018\/09\/lager-net_13-1_vert-768x974.jpg 768w, https:\/\/ojk-isam.is\/wp-content\/uploads\/2018\/09\/lager-net_13-1_vert-807x1024.jpg 807w, https:\/\/ojk-isam.is\/wp-content\/uploads\/2018\/09\/lager-net_13-1_vert-788x1000.jpg 788w, https:\/\/ojk-isam.is\/wp-content\/uploads\/2018\/09\/lager-net_13-1_vert-631x800.jpg 631w, https:\/\/ojk-isam.is\/wp-content\/uploads\/2018\/09\/lager-net_13-1_vert-745x945.jpg 745w\" sizes=\"(max-width: 841px) 100vw, 841px\">\n<\/div><\/div><div id=\"okkur\" class=\"bde-columns-104-136 bde-columns\"><div class=\"bde-column-104-137 bde-column\">\n  \n  \n\t\n\n\n\n<div class=\"bde-text-104-138 bde-text\">\n55 salespeople work in the sales department of \u00d3J&amp;K-\u00cdSAM. Part of them ensures that products imported and distributed by \u00d3J&amp;K-\u00cdSAM are available in most grocery stores in the country.<br><br>Two salespeople are located in Akureyri and take care of local authorities in the north of the heath. Other salespeople take care of the country's large kitchens, they are all educated in their profession, either chefs or bakers.\n<\/div>\n<\/div><div class=\"bde-column-104-139 bde-column\">\n  \n  \n\t\n\n\n\n<div class=\"bde-text-104-140 bde-text\">\nAbout 30 people perform office work that supports the main operations of the company, i.e. billing, accounting, customs clearance, telephone answering in the customer service and computer services.\n<\/div>\n<\/div><\/div><\/div>\n<\/section><section class=\"bde-section-104-153 bde-section\">\n  \n  \n\t\n\n\n\n<div class=\"section-container\"><div class=\"bde-columns-104-146 bde-columns\"><div class=\"bde-column-104-147 bde-column\">\n  \n  \n\t\n\n\n\n<h3 class=\"bde-heading-104-148 bde-heading\">\nWarehouse &amp; Distribution\n<\/h3><h2 class=\"bde-heading-104-149 bde-heading\">\nWarehouse\n<\/h2><div class=\"bde-text-104-150 bde-text\">\nIn the \u00d3J&amp;K-\u00cdSAM warehouse in Korputorg, there are approximately 8,500 pallet places for dry goods, 2,500 in the freezer and 350 in the refrigerator. There are 53 warehouse employees. The warehouse manager is \u00d3lafur Sigur\u00f0sson.\n<\/div>\n<\/div><div class=\"bde-column-104-151 bde-column\">\n  \n  \n\t\n\n\n\n<img decoding=\"async\" class=\"bde-image2-104-152 bde-image2\" src=\"https:\/\/ojk-isam.is\/wp-content\/uploads\/2026\/04\/voruhus.jpg\" loading=\"lazy\" srcset=\"https:\/\/ojk-isam.is\/wp-content\/uploads\/2026\/04\/voruhus.jpg 1500w, https:\/\/ojk-isam.is\/wp-content\/uploads\/2026\/04\/voruhus-300x200.jpg 300w, https:\/\/ojk-isam.is\/wp-content\/uploads\/2026\/04\/voruhus-1024x683.jpg 1024w, https:\/\/ojk-isam.is\/wp-content\/uploads\/2026\/04\/voruhus-768x512.jpg 768w, https:\/\/ojk-isam.is\/wp-content\/uploads\/2026\/04\/voruhus-500x333.jpg 500w, https:\/\/ojk-isam.is\/wp-content\/uploads\/2026\/04\/voruhus-800x533.jpg 800w, https:\/\/ojk-isam.is\/wp-content\/uploads\/2026\/04\/voruhus-1070x713.jpg 1070w, https:\/\/ojk-isam.is\/wp-content\/uploads\/2026\/04\/voruhus-1000x667.jpg 1000w, https:\/\/ojk-isam.is\/wp-content\/uploads\/2026\/04\/voruhus-835x557.jpg 835w\" sizes=\"(max-width: 1500px) 100vw, 1500px\">\n<\/div><\/div><\/div>\n<\/section><section class=\"bde-section-104-154 bde-section\">\n  \n  \n\t\n\n\n\n<div class=\"section-container\"><div class=\"bde-columns-104-155 bde-columns\"><div class=\"bde-column-104-160 bde-column\">\n  \n  \n\t\n\n\n\n<img decoding=\"async\" class=\"bde-image2-104-161 bde-image2\" src=\"https:\/\/ojk-isam.is\/wp-content\/uploads\/2026\/04\/voruhus2.jpg\" loading=\"lazy\" srcset=\"https:\/\/ojk-isam.is\/wp-content\/uploads\/2026\/04\/voruhus2.jpg 1500w, https:\/\/ojk-isam.is\/wp-content\/uploads\/2026\/04\/voruhus2-300x200.jpg 300w, https:\/\/ojk-isam.is\/wp-content\/uploads\/2026\/04\/voruhus2-1024x683.jpg 1024w, https:\/\/ojk-isam.is\/wp-content\/uploads\/2026\/04\/voruhus2-768x512.jpg 768w, https:\/\/ojk-isam.is\/wp-content\/uploads\/2026\/04\/voruhus2-500x333.jpg 500w, https:\/\/ojk-isam.is\/wp-content\/uploads\/2026\/04\/voruhus2-800x533.jpg 800w, https:\/\/ojk-isam.is\/wp-content\/uploads\/2026\/04\/voruhus2-1070x713.jpg 1070w, https:\/\/ojk-isam.is\/wp-content\/uploads\/2026\/04\/voruhus2-1000x667.jpg 1000w, https:\/\/ojk-isam.is\/wp-content\/uploads\/2026\/04\/voruhus2-835x557.jpg 835w\" sizes=\"(max-width: 1500px) 100vw, 1500px\">\n<\/div><div class=\"bde-column-104-156 bde-column\">\n  \n  \n\t\n\n\n\n<h3 class=\"bde-heading-104-157 bde-heading\">\nWarehouse &amp; Distribution\n<\/h3><h2 class=\"bde-heading-104-158 bde-heading\">\nDistribution\n<\/h2><div class=\"bde-text-104-159 bde-text\">\n\u00d3J&amp;K-\u00cdSAM has a strong distribution system for freight transport. Seven of the company's cars are used for distribution in the capital area and through neighboring settlements in the South and Southwest. Contractors take care of freight transport in other areas of the country.\n<\/div>\n<\/div><\/div><\/div>\n<\/section><\/div>","protected":false},"excerpt":{"rendered":"<p>Um okkur Mannau\u00f0ur skapar ver\u00f0m\u00e6ti Um okkur Stj\u00f3rn Mannau\u00f0ur Starfsf\u00f3lk Samvinna Vi\u00f0 erum sterkt teymi Hj\u00e1 okkur er valinn ma\u00f0ur \u00ed hverju r\u00fami. Hj\u00e1 \u00d3J&#038;K-\u00cdSAM vinna um 130 manns. Li\u00f0sheildin er \u00f6flug og samhent og tekur vel \u00e1 m\u00f3ti n\u00fdjum li\u00f0sm\u00f6nnum. Stj\u00f3rn starfsmannaf\u00e9lagsins Hugins er s\u00edkvik og hugmyndar\u00edk og efnir reglulega til skemmtilegra upp\u00e1koma og&#8230;  <a class=\"excerpt-read-more\" href=\"https:\/\/ojk-isam.is\/en\/um-okkur\/mannaudur\/\" title=\"Read Mannau\u00f0ur\">Read more \u00bbC\u00bb<\/a><\/p>","protected":false},"author":1,"featured_media":949,"parent":90,"menu_order":40,"comment_status":"closed","ping_status":"closed","template":"page-breakdance.php","meta":{"_acf_changed":false,"_breakdance_hide_in_design_set":false,"_breakdance_tags":"","footnotes":""},"class_list":["post-104","page","type-page","status-publish","has-post-thumbnail","hentry"],"acf":[],"_links":{"self":[{"href":"https:\/\/ojk-isam.is\/en\/wp-json\/wp\/v2\/pages\/104","targetHints":{"allow":["GET"]}}],"collection":[{"href":"https:\/\/ojk-isam.is\/en\/wp-json\/wp\/v2\/pages"}],"about":[{"href":"https:\/\/ojk-isam.is\/en\/wp-json\/wp\/v2\/types\/page"}],"author":[{"embeddable":true,"href":"https:\/\/ojk-isam.is\/en\/wp-json\/wp\/v2\/users\/1"}],"replies":[{"embeddable":true,"href":"https:\/\/ojk-isam.is\/en\/wp-json\/wp\/v2\/comments?post=104"}],"version-history":[{"count":0,"href":"https:\/\/ojk-isam.is\/en\/wp-json\/wp\/v2\/pages\/104\/revisions"}],"up":[{"embeddable":true,"href":"https:\/\/ojk-isam.is\/en\/wp-json\/wp\/v2\/pages\/90"}],"wp:featuredmedia":[{"embeddable":true,"href":"https:\/\/ojk-isam.is\/en\/wp-json\/wp\/v2\/media\/949"}],"wp:attachment":[{"href":"https:\/\/ojk-isam.is\/en\/wp-json\/wp\/v2\/media?parent=104"}],"curies":[{"name":"wp","href":"https:\/\/api.w.org\/{rel}","templated":true}]}}