{"id":112,"date":"2018-09-25T07:28:53","date_gmt":"2018-09-25T07:28:53","guid":{"rendered":"http:\/\/212.67.221.222\/~ojk\/app\/?page_id=112"},"modified":"2026-04-01T09:34:13","modified_gmt":"2026-04-01T09:34:13","slug":"person-protection","status":"publish","type":"page","link":"https:\/\/ojk-isam.is\/en\/personuvernd\/","title":{"rendered":"Privacy"},"content":{"rendered":"<div class='breakdance'><section class=\"bde-section-112-100 bde-section\">\n  \n  \n\t\n\n\n\n<div class=\"section-container\"><h3 class=\"bde-heading-112-101 bde-heading\">\nPrivacy<br>\n<\/h3><h1 class=\"bde-heading-112-102 bde-heading\">\nPrivacy statement \u00d3J&amp;K-\u00cdSAM<br>\n<\/h1><div class=\"bde-text-112-103 bde-text\">\n<h3>1. General<\/h3><br>Oh. Johnson &amp; Kaaber - \u00cdSAM ehf. (hereinafter \u201e\u00d3J&amp;K-\u00cdSAM\u201c\u201e, \u201cthe company\u201e, \u201cwe\u201e, \u201cour\"), cares about the privacy of individuals and takes privacy very seriously The company places great emphasis on the processing of personal information always being in accordance with applicable privacy legislation. In this notice, you can see what personal information the company collects about individuals for its activities and for what purpose. Then you can find information about other recipients of the information and how long we keep it. In addition, here you can find information on the basis on which \u00d3J&amp;K-\u00cdSAM collects personal information, what rights individuals enjoy and other important information related to the Personal Protection and Processing Act no. 90\/2018.<br><br><h3>2. Who does \u00d3J&amp;K-\u00cdSAM collect personal information about?<\/h3><br>In the activities of \u00d3J&amp;K-\u00cdSAM, it is necessary to collect and process personal information about different groups of individuals. The personal information that the company has at its disposal may concern its employees, customer employees and customers in general, those who register on the mailing list and other third parties with whom it is necessary to communicate.<br><br><h3>3. What personal information does \u00d3J&amp;K-\u00cdSAM collect about you?<\/h3><br>\u00d3J&amp;K-\u00cdSAM collects different personal information about different groups of individuals depending on the company's activities. Under all circumstances, \u00d3J&amp;K-\u00cdSAM strives to collect only the personal information that is necessary, taking into account the purpose of the processing.<br><br>\u00d3J&amp;K-\u00cdSAM collects necessary information about staff such as name, social security number, address, telephone number, presence, salary and more. The company also needs to maintain the necessary contact information, such as name and email address, about customer employees and other third parties. In addition, \u00d3J&amp;K-\u00cdSAM collects footage from surveillance cameras where personal information can be found. \u00d3J&amp;K-\u00cdSAM also collects information about the email addresses of those who sign up for mailing lists.<br><br><h3>4. Why does \u00d3J&amp;K-\u00cdSAM collect personal information about you?<\/h3><br>The purpose of collecting the information is to:<br><br>Can fulfill a contractual obligation, for example with employees and negotiators.<br>Provide certain services.<br>Pay attention to the legitimate interests of the company.<br>Take care of the legitimate interests of others.<br>Fulfill legal obligations.<br>Introduce various things related to the activities of \u00d3. Johnson &amp; Kaaber, i.e. those who sign up for the mailing list.<br><br><h3>5. On what legal basis does \u00d3J&amp;K-\u00cdSAM process personal information about you?<\/h3><br>\u00d3J&amp;K-\u00cdSAM collects and processes personal data on the following legal basis:<br><br>Your consent.<br>To fulfill a contractual obligation.<br>To fulfill a legal obligation.<br>To protect the legitimate interests of the company.<br>To protect the legitimate interests of others.<br><br><h3>6. How long does \u00d3J&amp;K-\u00cdSAM store personal information about you?<\/h3><br>\u00d3J&amp;K-\u00cdSAM stores personal information only for the time it is necessary for the company to have it at hand. When there is no need to have personal information at hand anymore, the company deletes it securely.<br><br><h3>7. From whom does \u00d3J&amp;K-\u00cdSAM collect information about you?<\/h3><br>\u00d3J&amp;K-\u00cdSAM collects personal information from you directly. If personal information is collected from a third party, \u00d3J&amp;K-\u00cdSAM will make every effort to inform the person concerned about it.<br><br><h3>8. When does \u00d3J&amp;K-\u00cdSAM share your personal information with third parties and why?<\/h3><br>\u00d3J&amp;K-\u00cdSAM shares personal information with third parties hired by the company to do certain work, such as service providers, agents or contractors. In those cases, the company enters into a processing agreement with the relevant party. Such an agreement stipulates, among other things, his obligation to follow \u00d3J&amp;K-\u00cdSAM's instructions regarding the handling of personal information and he is not permitted to use it for other purposes. Furthermore, he is obliged to ensure the security of the information in an appropriate manner.<br><br><h3>9. Transfer of personal information outside the European Economic Area<\/h3><br>\u00d3J&amp;K-\u00cdSAM is aware that strict conditions apply to the transfer of personal information to countries located outside the European Economic Area. The company does not do so under any circumstances unless there is sufficient authority to do so under the Personal Protection and Processing of Personal Information Act no. 90\/2018.<br><br><h3>10. Your rights<\/h3><br>If you have given your consent to the processing of certain personal data, you have the right under the Personal Protection and Processing of Personal Information Act no. 90\/2018 to withdraw your consent at any time. However, that right does not affect the legality of the processing that took place before consent was revoked. You also enjoy other rights, such as the right to access your data, the right to have incorrect or misleading information corrected, the right to have personal information about you deleted, the right to prevent personal data from being processed about you and the right to transfer your own data. It should be borne in mind that your rights are not always without priority and may be subject to various conditions.<br><br><h3>11. Security of personal information<\/h3><br>\u00d3J&amp;K-\u00cdSAM has taken appropriate technical and organizational security measures to ensure the security of personal information in accordance with the Act on Personal Protection and Processing of Personal Information no. 90\/2018. It includes, among other things, that only those employees have access to personal information that needs it for their work. In addition, the company contributes to employees regularly receiving appropriate education and training on security issues.<br><br><h3>12. Contact information \u00d3J&amp;K-\u00cdSAM<\/h3><br>Name: \u00d3. Johnson &amp; Kaaber - \u00cdSAM ehf.<br>Address: Blikasta\u00f0avegi 2-8 1, 112 Reykjav\u00edk<br>E-mail: ojk-isam@ojk-isam.is.<br><br><h3>13. More information<\/h3><br>If you have further questions about how \u00d3J&amp;K-\u00cdSAM handles your personal data, this is the contact information:<br><br>Email: ojk-isam@ojk-isam.is, email address this is with our Customer Service that forwards in-house to the appropriate person.<br><br><h3>14. Right to file a complaint with personal protection<\/h3><br>If you doubt that \u00d3J&amp;K-\u00cdSAM handles your personal information in accordance with the Act on Personal Protection and Processing of Personal Information no. 90\/2018, you have the right to submit a complaint to the Personal Protection Agency.<br><br><h3>15. Review of this privacy statement<\/h3><br>This privacy statement was first approved on 1.9.2018 and is reviewed and improved regularly. Last time on 20.2.2024. The next review will be on 20.2.2025.\n<\/div><\/div>\n<\/section><\/div>","protected":false},"excerpt":{"rendered":"<p>Pers\u00f3nuvernd Pers\u00f3nuverndaryfirl\u00fdsing \u00d3J&#038;K-\u00cdSAM 1. Almennt\u00d3. Johnson &#038; Kaaber \u2013 \u00cdSAM ehf. (h\u00e9r eftir \u201e\u00d3J&#038;K-\u00cdSAM\u201c, \u201efyrirt\u00e6ki\u00f0\u201c, \u201evi\u00f0\u201c, \u201eokkar\u201c), er annt um fri\u00f0helgi einstaklinga og tekur pers\u00f3nuvernd mj\u00f6g alvarlega. Fyrirt\u00e6ki\u00f0 leggur mikla \u00e1herslu \u00e1 a\u00f0 me\u00f0fer\u00f0 pers\u00f3nuuppl\u00fdsinga s\u00e9 \u00e1vallt \u00ed samr\u00e6mi vi\u00f0 gildandi pers\u00f3nuverndarl\u00f6ggj\u00f6f. \u00cd \u00feessari tilkynningu m\u00e1 sj\u00e1 hva\u00f0a pers\u00f3nuuppl\u00fdsingum fyrirt\u00e6ki\u00f0 safnar um einstaklinga vegna starfsemi&#8230;  <a class=\"excerpt-read-more\" href=\"https:\/\/ojk-isam.is\/en\/personuvernd\/\" title=\"Read Pers\u00f3nuvernd\">Read more &raquo;<\/a><\/p>","protected":false},"author":1,"featured_media":778,"parent":0,"menu_order":27,"comment_status":"closed","ping_status":"closed","template":"page-breakdance.php","meta":{"_acf_changed":false,"_breakdance_hide_in_design_set":false,"_breakdance_tags":"","footnotes":""},"class_list":["post-112","page","type-page","status-publish","has-post-thumbnail","hentry"],"acf":[],"_links":{"self":[{"href":"https:\/\/ojk-isam.is\/en\/wp-json\/wp\/v2\/pages\/112","targetHints":{"allow":["GET"]}}],"collection":[{"href":"https:\/\/ojk-isam.is\/en\/wp-json\/wp\/v2\/pages"}],"about":[{"href":"https:\/\/ojk-isam.is\/en\/wp-json\/wp\/v2\/types\/page"}],"author":[{"embeddable":true,"href":"https:\/\/ojk-isam.is\/en\/wp-json\/wp\/v2\/users\/1"}],"replies":[{"embeddable":true,"href":"https:\/\/ojk-isam.is\/en\/wp-json\/wp\/v2\/comments?post=112"}],"version-history":[{"count":0,"href":"https:\/\/ojk-isam.is\/en\/wp-json\/wp\/v2\/pages\/112\/revisions"}],"wp:featuredmedia":[{"embeddable":true,"href":"https:\/\/ojk-isam.is\/en\/wp-json\/wp\/v2\/media\/778"}],"wp:attachment":[{"href":"https:\/\/ojk-isam.is\/en\/wp-json\/wp\/v2\/media?parent=112"}],"curies":[{"name":"wp","href":"https:\/\/api.w.org\/{rel}","templated":true}]}}