{"id":114,"date":"2018-09-25T07:29:20","date_gmt":"2018-09-25T07:29:20","guid":{"rendered":"http:\/\/212.67.221.222\/~ojk\/app\/?page_id=114"},"modified":"2026-03-31T12:03:06","modified_gmt":"2026-03-31T12:03:06","slug":"hvernig-virkar-vefverslun","status":"publish","type":"page","link":"https:\/\/ojk-isam.is\/en\/hvernig-virkar-vefverslun\/","title":{"rendered":"Hvernig virkar vefverslun?"},"content":{"rendered":"<div class='breakdance'><section class=\"bde-section-114-100 bde-section\">\n  \n  \n\t\n\n\n\n<div class=\"section-container\"><h3 class=\"bde-heading-114-101 bde-heading\">\nVerfverslun\n<\/h3><h1 class=\"bde-heading-114-102 bde-heading\">\nHvernig \u00e1 a\u00f0 versla\n<\/h1><div class=\"bde-video-114-112 bde-video\">\n<div class=\"ee-video-container\">\n                                                                        \n                <lite-youtube\n                        videoid=\"hyHviESxTlM\"\n                                                style=\"background-image: url(https:\/\/i.ytimg.com\/vi\/hyHviESxTlM\/maxresdefault.jpg); \"\n                        class=\"ee-video\"\n                        title=\"\"\n                        params=\"&playsinline=0&rel=0&enablejsapi=1\"\n                >\n                <\/lite-youtube>\n                    \n        \n            \n    <\/div>\n\n<\/div><h2 class=\"bde-heading-114-113 bde-heading\">\nHvernig skr\u00e1ir ma\u00f0ur sig inn<br>\n<\/h2><div class=\"bde-video-114-114 bde-video\">\n<div class=\"ee-video-container\">\n                                                                        \n                <lite-youtube\n                        videoid=\"B7oTGF-Qxxs\"\n                                                style=\"background-image: url(https:\/\/i.ytimg.com\/vi\/B7oTGF-Qxxs\/maxresdefault.jpg); \"\n                        class=\"ee-video\"\n                        title=\"\"\n                        params=\"&playsinline=0&rel=0&enablejsapi=1\"\n                >\n                <\/lite-youtube>\n                    \n        \n            \n    <\/div>\n\n<\/div><h2 class=\"bde-heading-114-116 bde-heading\">\nHvernig s\u00e6kir ma\u00f0ur um a\u00f0gang\n<\/h2><div class=\"bde-video-114-111 bde-video\">\n<div class=\"ee-video-container\">\n                                                                        \n                <lite-youtube\n                        videoid=\"B7oTGF-Qxxs\"\n                                                style=\"background-image: url(https:\/\/i.ytimg.com\/vi\/B7oTGF-Qxxs\/maxresdefault.jpg); \"\n                        class=\"ee-video\"\n                        title=\"\"\n                        params=\"&playsinline=0&rel=0&enablejsapi=1\"\n                >\n                <\/lite-youtube>\n                    \n        \n            \n    <\/div>\n\n<\/div><h2 class=\"bde-heading-114-117 bde-heading\">\nHvernig \u00e1 a\u00f0 breyta lykilor\u00f0i\n<\/h2><div class=\"bde-video-114-118 bde-video\">\n<div class=\"ee-video-container\">\n                                                                        \n                <lite-youtube\n                        videoid=\"qchwrFPf9BY\"\n                                                style=\"background-image: url(https:\/\/i.ytimg.com\/vi\/qchwrFPf9BY\/maxresdefault.jpg); \"\n                        class=\"ee-video\"\n                        title=\"\"\n                        params=\"&playsinline=0&rel=0&enablejsapi=1\"\n                >\n                <\/lite-youtube>\n                    \n        \n            \n    <\/div>\n\n<\/div><h2 class=\"bde-heading-114-110 bde-heading\">\nHvernig skal sko\u00f0a reikninga\n<\/h2><div class=\"bde-video-114-115 bde-video\">\n<div class=\"ee-video-container\">\n                                                                        \n                <lite-youtube\n                        videoid=\"ltxyEL2wEpg\"\n                                                style=\"background-image: url(https:\/\/i.ytimg.com\/vi\/ltxyEL2wEpg\/maxresdefault.jpg); \"\n                        class=\"ee-video\"\n                        title=\"\"\n                        params=\"&playsinline=0&rel=0&enablejsapi=1\"\n                >\n                <\/lite-youtube>\n                    \n        \n            \n    <\/div>\n\n<\/div><\/div>\n<\/section><section class=\"bde-section-114-119 bde-section\">\n  \n  \n\t\n\n\n\n<div class=\"section-container\"><h3 class=\"bde-heading-114-141 bde-heading\">\nWe want to hear from you\n<\/h3><h1 class=\"bde-heading-114-142 bde-heading\">\nContact us\n<\/h1><div class=\"bde-div-114-120 bde-div\">\n  \n  \n\t\n\n\n\n<div class=\"bde-div-114-121 bde-div\">\n  \n  \n\t\n\n\n\n<div class=\"bde-columns-114-122 bde-columns\"><div class=\"bde-column-114-123 bde-column\">\n  \n  \n\t\n\n\n\n<h2 class=\"bde-heading-114-124 bde-heading\">\nSales\n<\/h2><div class=\"bde-fancy-divider-114-125 bde-fancy-divider\">\n\n\n<div class=\"bde-fancy-divider__wrapper\">\n  <div class=\"bde-fancy-divider__separator\">\n  \t  <\/div>\n<\/div>\n\n<\/div><h4 class=\"bde-heading-114-126 bde-heading\">\nOpening Hours\n<\/h4><div class=\"bde-text-114-127 bde-text\">\nMon. - Fri.: 08:00 -16:00\n<\/div><h4 class=\"bde-heading-114-128 bde-heading\">\nPhone\n<\/h4><div class=\"bde-text-114-129 bde-text\">\n535 4000\n<\/div><h4 class=\"bde-heading-114-130 bde-heading\">\nEmail address\n<\/h4><a class=\"bde-text-link-114-131 bde-text-link breakdance-link\" href=\"mailto:pantanir@ojk-isam.is\" target=\"_self\" data-type=\"url\">\n  pantanir@ojk-isam.is\n\n<\/a>\n<\/div><div class=\"bde-column-114-132 bde-column\">\n  \n  \n\t\n\n\n\n<h2 class=\"bde-heading-114-133 bde-heading\">\nWarehouse\n<\/h2><div class=\"bde-fancy-divider-114-134 bde-fancy-divider\">\n\n\n<div class=\"bde-fancy-divider__wrapper\">\n  <div class=\"bde-fancy-divider__separator\">\n  \t  <\/div>\n<\/div>\n\n<\/div><h4 class=\"bde-heading-114-135 bde-heading\">\nOpening Hours\n<\/h4><div class=\"bde-text-114-136 bde-text\">\nMon. - Thu.: 08:00 -17:00<br>Friday: 08:00 -16:00\n<\/div><h4 class=\"bde-heading-114-137 bde-heading\">\nPhone\n<\/h4><div class=\"bde-text-114-138 bde-text\">\n535 4000\n<\/div><h4 class=\"bde-heading-114-139 bde-heading\">\nEmail address\n<\/h4><a class=\"bde-text-link-114-140 bde-text-link breakdance-link\" href=\"mailto:voruhus@ojk-isam.is\" target=\"_self\" data-type=\"url\">\n  voruhus@ojk-isam.is\n\n<\/a>\n<\/div><\/div>\n<\/div>\n<\/div><\/div>\n<\/section><\/div>","protected":false},"excerpt":{"rendered":"<p>Verfverslun Hvernig \u00e1 a\u00f0 versla Hvernig skr\u00e1ir ma\u00f0ur sig inn Hvernig s\u00e6kir ma\u00f0ur um a\u00f0gang Hvernig \u00e1 a\u00f0 breyta lykilor\u00f0i Hvernig skal sko\u00f0a reikninga Heyr\u00f0u \u00ed okkur Hafa samband S\u00f6ludeild Afgrei\u00f0slut\u00edmi M\u00e1n.\u2013f\u00f6s.: 08:00\u201316:00 P\u00f6ntunars\u00edmi 535 4000 Netfang pantanir@ojk-isam.is V\u00f6ruh\u00fas Afgrei\u00f0slut\u00edmi M\u00e1n.\u2013fim.: 08:00\u201317:00F\u00f6studag: 08:00\u201316:00 P\u00f6ntunars\u00edmi 535 4000 Netfang voruhus@ojk-isam.is<\/p>","protected":false},"author":1,"featured_media":792,"parent":0,"menu_order":28,"comment_status":"closed","ping_status":"closed","template":"page-breakdance.php","meta":{"_acf_changed":false,"_breakdance_hide_in_design_set":false,"_breakdance_tags":"","footnotes":""},"class_list":["post-114","page","type-page","status-publish","has-post-thumbnail","hentry"],"acf":[],"_links":{"self":[{"href":"https:\/\/ojk-isam.is\/en\/wp-json\/wp\/v2\/pages\/114","targetHints":{"allow":["GET"]}}],"collection":[{"href":"https:\/\/ojk-isam.is\/en\/wp-json\/wp\/v2\/pages"}],"about":[{"href":"https:\/\/ojk-isam.is\/en\/wp-json\/wp\/v2\/types\/page"}],"author":[{"embeddable":true,"href":"https:\/\/ojk-isam.is\/en\/wp-json\/wp\/v2\/users\/1"}],"replies":[{"embeddable":true,"href":"https:\/\/ojk-isam.is\/en\/wp-json\/wp\/v2\/comments?post=114"}],"version-history":[{"count":0,"href":"https:\/\/ojk-isam.is\/en\/wp-json\/wp\/v2\/pages\/114\/revisions"}],"wp:featuredmedia":[{"embeddable":true,"href":"https:\/\/ojk-isam.is\/en\/wp-json\/wp\/v2\/media\/792"}],"wp:attachment":[{"href":"https:\/\/ojk-isam.is\/en\/wp-json\/wp\/v2\/media?parent=114"}],"curies":[{"name":"wp","href":"https:\/\/api.w.org\/{rel}","templated":true}]}}