{"id":1163,"date":"2017-11-30T10:51:20","date_gmt":"2017-11-30T10:51:20","guid":{"rendered":"https:\/\/ojk-isam.is\/home\/"},"modified":"2026-03-16T08:30:12","modified_gmt":"2026-03-16T08:30:12","slug":"home","status":"publish","type":"page","link":"https:\/\/ojk-isam.is\/en\/home\/","title":{"rendered":"Home"},"content":{"rendered":"<ul>\n<li>Gott rj\u00f3mabrag\u00f0<\/li>\n<li>H\u00e6gt a\u00f0 \u00feeyta kaldan<\/li>\n<li>Hita\u00feolinn<\/li>\n<li>Geymist \u00ed 2\u201320\u00b0C<\/li>\n<li>33% fita<\/li>\n<li>F\u00e6st \u00ed 1 l og 10 l pakkningum<\/li>\n<li>Hentar \u00ed bakstur, eftirr\u00e9tti, \u00eds, kaffidrykki, s\u00fapur, s\u00f3sur, heita r\u00e9tti, grauta og a\u00f0ra matseld<\/li>\n<li>H\u00e6gt a\u00f0 blanda vi\u00f0 alla safa, v\u00edn, mj\u00f3lk og sykur<\/li>\n<li>Skilur sig ekki \u00fe\u00f3tt blanda\u00f0 s\u00e9 vi\u00f0 s\u00fdru e\u00f0a \u00e1fengi<\/li>\n<\/ul>\n","protected":false},"excerpt":{"rendered":"<p>Gott rj\u00f3mabrag\u00f0 H\u00e6gt a\u00f0 \u00feeyta kaldan Hita\u00feolinn Geymist \u00ed 2\u201320\u00b0C 33% fita F\u00e6st \u00ed 1 l og 10 l pakkningum Hentar \u00ed bakstur, eftirr\u00e9tti, \u00eds, kaffidrykki, s\u00fapur, s\u00f3sur, heita r\u00e9tti, grauta og a\u00f0ra matseld H\u00e6gt a\u00f0 blanda vi\u00f0 alla safa, v\u00edn, mj\u00f3lk og sykur Skilur sig ekki \u00fe\u00f3tt blanda\u00f0 s\u00e9 vi\u00f0 s\u00fdru e\u00f0a \u00e1fengi<\/p>\n","protected":false},"author":1,"featured_media":1071,"parent":0,"menu_order":7,"comment_status":"closed","ping_status":"closed","template":"page-elements.php","meta":{"_acf_changed":false,"_breakdance_hide_in_design_set":false,"_breakdance_tags":"","footnotes":""},"class_list":["post-1163","page","type-page","status-publish","has-post-thumbnail","hentry"],"acf":[],"_links":{"self":[{"href":"https:\/\/ojk-isam.is\/en\/wp-json\/wp\/v2\/pages\/1163","targetHints":{"allow":["GET"]}}],"collection":[{"href":"https:\/\/ojk-isam.is\/en\/wp-json\/wp\/v2\/pages"}],"about":[{"href":"https:\/\/ojk-isam.is\/en\/wp-json\/wp\/v2\/types\/page"}],"author":[{"embeddable":true,"href":"https:\/\/ojk-isam.is\/en\/wp-json\/wp\/v2\/users\/1"}],"replies":[{"embeddable":true,"href":"https:\/\/ojk-isam.is\/en\/wp-json\/wp\/v2\/comments?post=1163"}],"version-history":[{"count":0,"href":"https:\/\/ojk-isam.is\/en\/wp-json\/wp\/v2\/pages\/1163\/revisions"}],"wp:featuredmedia":[{"embeddable":true,"href":"https:\/\/ojk-isam.is\/en\/wp-json\/wp\/v2\/media\/1071"}],"wp:attachment":[{"href":"https:\/\/ojk-isam.is\/en\/wp-json\/wp\/v2\/media?parent=1163"}],"curies":[{"name":"wp","href":"https:\/\/api.w.org\/{rel}","templated":true}]}}