{"id":2611,"date":"2023-02-09T13:42:04","date_gmt":"2023-02-09T13:42:04","guid":{"rendered":"https:\/\/ojk-isam.is\/?page_id=2611"},"modified":"2026-03-31T11:39:47","modified_gmt":"2026-03-31T11:39:47","slug":"equal-pay-policy","status":"publish","type":"page","link":"https:\/\/ojk-isam.is\/en\/jafnlaunastefna\/","title":{"rendered":"Equal pay policy"},"content":{"rendered":"<div class='breakdance'><section class=\"bde-section-2611-100 bde-section\">\n  \n  \n\t\n\n\n\n<div class=\"section-container\"><h3 class=\"bde-heading-2611-101 bde-heading\">\n\u00d3J&amp;K-\u00cdSAM ehf\n<\/h3><h1 class=\"bde-heading-2611-102 bde-heading\">\nEqual pay policy<br>\u00d3J&amp;K-\u00cdSAM\n<\/h1><div class=\"bde-text-2611-108 bde-text\">\n<h3>Purpose and scope<\/h3><br>The goal of \u00d3J&amp;K-\u00cdSAM's equal pay policy is to guarantee all employees the same salary and the same conditions for similar or equally valuable jobs so that there are no differences. With this, \u00d3J&amp;K-\u00cdSAM promotes gender equality in the labor market and works against the gender pay gap. The policy includes a commitment to continuous improvement and supervision.\n<\/div><div class=\"bde-text-2611-112 bde-text\">\n<h3>Liability<\/h3><br>The managing director is responsible for the company's equal pay policy and all salary decisions The managing director makes sure that consistency is observed with all decision-making in this regard The human resources and quality manager is in charge of implementing, maintaining and monitoring the progress of the policy on behalf of the managing director.\n<\/div><div class=\"bde-text-2611-111 bde-text\">\n<h3>Objectives<\/h3><br>The aim is to guarantee the employees of \u00d3J&amp;K-\u00cdSAM the rights stipulated in Article 19 of the Equality Act no. 150\/2020. The decision on the conditions of employees shall be based on objective considerations concerning the job and the qualification requirements for it. These considerations apply whether the decision concerns wages, benefits, pension, vacation or sick leave rights or any kind of rights that will be valued in money.\n<\/div><div class=\"bde-text-2611-113 bde-text\">\n<h3>Assessment of job value<\/h3><br>At \u00d3J&amp;K-\u00cdSAM, there must be job descriptions for all jobs. It must mention the requirements that the employee must meet. The scope and nature of the job affects wages, and \u00d3J&amp;K-\u00cdSAM salary decisions are based on objective criteria that ensure that employees are paid for their work based on the value of the job.\n<\/div><div class=\"bde-text-2611-116 bde-text\">\n<h3>\u00d3J&amp;K-\u00cdSAM undertakes to:<\/h3><br><ul><br><li>Implement, document and maintain an equal pay system in accordance with the requirements of the equal pay standard \u00cdST 85:2012 and obtain certification in accordance with Act 150\/2020 on equal pay certification.<\/li><br><li>That salary decisions are justified and it is ensured that they fit the principle that at \u00d3J&amp;K-\u00cdSAM the same salary is paid for similar and equally valuable jobs.<\/li><br><li>Respond to unexplained wage differences through continuous improvement and monitoring.<\/li><br><li>That salary decisions are documented, reasoned, traceable and signed by responsible parties.<\/li><br><li>Present the equal pay policy to employees and have it available to the public.<\/li><br><\/ul>\n<\/div><img decoding=\"async\" class=\"bde-image2-2611-115 bde-image2\" src=\"https:\/\/ojk-isam.is\/wp-content\/uploads\/2026\/03\/Jafnlaunaferill.png\" loading=\"lazy\" srcset=\"https:\/\/ojk-isam.is\/wp-content\/uploads\/2026\/03\/Jafnlaunaferill.png 1072w, https:\/\/ojk-isam.is\/wp-content\/uploads\/2026\/03\/Jafnlaunaferill-300x108.png 300w, https:\/\/ojk-isam.is\/wp-content\/uploads\/2026\/03\/Jafnlaunaferill-1024x370.png 1024w, https:\/\/ojk-isam.is\/wp-content\/uploads\/2026\/03\/Jafnlaunaferill-768x277.png 768w, https:\/\/ojk-isam.is\/wp-content\/uploads\/2026\/03\/Jafnlaunaferill-500x181.png 500w, https:\/\/ojk-isam.is\/wp-content\/uploads\/2026\/03\/Jafnlaunaferill-800x289.png 800w, https:\/\/ojk-isam.is\/wp-content\/uploads\/2026\/03\/Jafnlaunaferill-1070x386.png 1070w, https:\/\/ojk-isam.is\/wp-content\/uploads\/2026\/03\/Jafnlaunaferill-1000x361.png 1000w, https:\/\/ojk-isam.is\/wp-content\/uploads\/2026\/03\/Jafnlaunaferill-835x301.png 835w\" sizes=\"(max-width: 1072px) 100vw, 1072px\"><div class=\"bde-text-2611-114 bde-text\">\nSTE-0001<br>Version: 3<br>Responsible person: B.J.<br>Last modified 19.03.2025\n<\/div><\/div>\n<\/section><\/div>","protected":false},"excerpt":{"rendered":"<p>\u00d3J&#038;K-\u00cdSAM ehf Jafnlaunastefna\u00d3J&#038;K-\u00cdSAM Tilgangur og gildissvi\u00f0Markmi\u00f0 jafnlaunastefnu \u00d3J&#038;K-\u00cdSAM er a\u00f0 tryggja \u00f6llu starfsf\u00f3lki s\u00f6mu laun og s\u00f6mu kj\u00f6r fyrir samb\u00e6rileg e\u00f0a jafnver\u00f0m\u00e6t st\u00f6rf \u00feannig a\u00f0 ekki s\u00e9 um mismun a\u00f0 r\u00e6\u00f0a. Me\u00f0 \u00feessu stu\u00f0lar \u00d3J&#038;K-\u00cdSAM a\u00f0 jafnr\u00e9tti kynja \u00e1 vinnumarka\u00f0i og vinnur gegn kynbundnum launamun. Stefnan felur \u00ed s\u00e9r skuldbindingu um st\u00f6\u00f0ugar umb\u00e6tur og eftirlit&#8230;.  <a class=\"excerpt-read-more\" href=\"https:\/\/ojk-isam.is\/en\/jafnlaunastefna\/\" title=\"Read Jafnlaunastefna\">Read more &raquo;<\/a><\/p>","protected":false},"author":1,"featured_media":0,"parent":0,"menu_order":0,"comment_status":"closed","ping_status":"closed","template":"page-breakdance.php","meta":{"_acf_changed":false,"_breakdance_hide_in_design_set":false,"_breakdance_tags":"","footnotes":""},"class_list":["post-2611","page","type-page","status-publish","hentry"],"acf":[],"_links":{"self":[{"href":"https:\/\/ojk-isam.is\/en\/wp-json\/wp\/v2\/pages\/2611","targetHints":{"allow":["GET"]}}],"collection":[{"href":"https:\/\/ojk-isam.is\/en\/wp-json\/wp\/v2\/pages"}],"about":[{"href":"https:\/\/ojk-isam.is\/en\/wp-json\/wp\/v2\/types\/page"}],"author":[{"embeddable":true,"href":"https:\/\/ojk-isam.is\/en\/wp-json\/wp\/v2\/users\/1"}],"replies":[{"embeddable":true,"href":"https:\/\/ojk-isam.is\/en\/wp-json\/wp\/v2\/comments?post=2611"}],"version-history":[{"count":0,"href":"https:\/\/ojk-isam.is\/en\/wp-json\/wp\/v2\/pages\/2611\/revisions"}],"wp:attachment":[{"href":"https:\/\/ojk-isam.is\/en\/wp-json\/wp\/v2\/media?parent=2611"}],"curies":[{"name":"wp","href":"https:\/\/api.w.org\/{rel}","templated":true}]}}