{"id":3599,"date":"2023-11-23T13:13:12","date_gmt":"2023-11-23T13:13:12","guid":{"rendered":"https:\/\/ojk-isam.is\/?page_id=3599"},"modified":"2024-02-22T18:31:47","modified_gmt":"2024-02-22T18:31:47","slug":"grant-applications","status":"publish","type":"page","link":"https:\/\/ojk-isam.is\/en\/styrkumsoknir\/","title":{"rendered":"Grant application"},"content":{"rendered":"<p>\u00d3J&amp;K-\u00cdSAM ehf. supports various needed issues and events, but obviously cannot comply with all requests for grants. Please fill out the attached application if a grant is requested, but such requests are only processed here, not by e-mail or phone calls. Please note that the application should be submitted well in advance, for example if a grant is requested in connection with a specific event. It must also be stated whether financial support or merchandise is requested. \u00d3J&amp;K-\u00cdSAM reserves up to 14 days to process applications. If no response has been received within three weeks of the application being submitted, it has been refused.<\/p>","protected":false},"excerpt":{"rendered":"<p>\u00d3J&amp;K-\u00cdSAM ehf. styrkir \u00fdmis \u00fe\u00f6rf m\u00e1lefni og vi\u00f0bur\u00f0i en getur auglj\u00f3slega ekki or\u00f0i\u00f0 vi\u00f0 \u00f6llum bei\u00f0num um styrki. Vinsamlega fylli\u00f0 \u00fat me\u00f0fylgjandi ums\u00f3kn ef \u00f3ska\u00f0 er eftir styrk en sl\u00edkar bei\u00f0nir eru eing\u00f6ngu afgreiddar h\u00e9r, ekki me\u00f0 t\u00f6lvup\u00f3sti e\u00f0a s\u00edmt\u00f6lum. Athugi\u00f0 a\u00f0 senda ums\u00f3kn inn me\u00f0 g\u00f3\u00f0um fyrirvara, t.d. ef \u00f3ska\u00f0 er eftir styrk \u00ed&#8230;  <a class=\"excerpt-read-more\" href=\"https:\/\/ojk-isam.is\/en\/styrkumsoknir\/\" title=\"Read Styrkums\u00f3knir\">Read more &raquo;<\/a><\/p>","protected":false},"author":1,"featured_media":3779,"parent":0,"menu_order":0,"comment_status":"closed","ping_status":"closed","template":"","meta":{"_acf_changed":false,"_breakdance_hide_in_design_set":false,"_breakdance_tags":"","footnotes":""},"class_list":["post-3599","page","type-page","status-publish","has-post-thumbnail","hentry"],"acf":[],"_links":{"self":[{"href":"https:\/\/ojk-isam.is\/en\/wp-json\/wp\/v2\/pages\/3599","targetHints":{"allow":["GET"]}}],"collection":[{"href":"https:\/\/ojk-isam.is\/en\/wp-json\/wp\/v2\/pages"}],"about":[{"href":"https:\/\/ojk-isam.is\/en\/wp-json\/wp\/v2\/types\/page"}],"author":[{"embeddable":true,"href":"https:\/\/ojk-isam.is\/en\/wp-json\/wp\/v2\/users\/1"}],"replies":[{"embeddable":true,"href":"https:\/\/ojk-isam.is\/en\/wp-json\/wp\/v2\/comments?post=3599"}],"version-history":[{"count":0,"href":"https:\/\/ojk-isam.is\/en\/wp-json\/wp\/v2\/pages\/3599\/revisions"}],"wp:featuredmedia":[{"embeddable":true,"href":"https:\/\/ojk-isam.is\/en\/wp-json\/wp\/v2\/media\/3779"}],"wp:attachment":[{"href":"https:\/\/ojk-isam.is\/en\/wp-json\/wp\/v2\/media?parent=3599"}],"curies":[{"name":"wp","href":"https:\/\/api.w.org\/{rel}","templated":true}]}}