{"id":3625,"date":"2023-11-26T17:51:33","date_gmt":"2023-11-26T17:51:33","guid":{"rendered":"https:\/\/ojk-isam.is\/?page_id=3625"},"modified":"2024-02-21T16:14:19","modified_gmt":"2024-02-21T16:14:19","slug":"ask-for-a-job","status":"publish","type":"page","link":"https:\/\/ojk-isam.is\/en\/saekja-um-starf\/","title":{"rendered":"Apply for a job"},"content":{"rendered":"<p>\u00d3J&amp;K-\u00cdSAM employs around 130 people of various ages and eight nationalities. This is a powerful and cohesive group that makes an effort to show professionalism and ambition in their work. We specifically advertise for people when we add personnel, but here you can submit a general application at any time. Applications for vacancies are answered when the application deadline has passed. General applications are kept for six months before they are deleted.<\/p>","protected":false},"excerpt":{"rendered":"<p>Hj\u00e1 \u00d3J&amp;K-\u00cdSAM starfa um 130 manns \u00e1 \u00fdmsum aldri og af \u00e1tta \u00fej\u00f3\u00f0ernum. \u00deetta er \u00f6flugur og samheldinn h\u00f3pur sem leggur sig fram um a\u00f0 s\u00fdna fagmennsku og metna\u00f0 \u00ed starfi. Vi\u00f0 augl\u00fdsum s\u00e9rstaklega eftir f\u00f3lki \u00feegar vi\u00f0 b\u00e6tum vi\u00f0 okkur mannskap, en h\u00e9r m\u00e1 senda inn almenna ums\u00f3kn hven\u00e6r sem er. Ums\u00f3knum um laus&#8230;  <a class=\"excerpt-read-more\" href=\"https:\/\/ojk-isam.is\/en\/saekja-um-starf\/\" title=\"Read S\u00e6kja um starf\">Read more &raquo;<\/a><\/p>","protected":false},"author":1,"featured_media":3521,"parent":0,"menu_order":0,"comment_status":"closed","ping_status":"closed","template":"","meta":{"_acf_changed":false,"_breakdance_hide_in_design_set":false,"_breakdance_tags":"","footnotes":""},"class_list":["post-3625","page","type-page","status-publish","has-post-thumbnail","hentry"],"acf":{"title_job_opening":"Laus st\u00f6rf","jobs":null,"title_job_application":"Fylla \u00fat almenna ums\u00f3kn","form":"[gravityform id=\"4\" title=\"false\" description=\"false\" ajax=\"true\"]"},"_links":{"self":[{"href":"https:\/\/ojk-isam.is\/en\/wp-json\/wp\/v2\/pages\/3625","targetHints":{"allow":["GET"]}}],"collection":[{"href":"https:\/\/ojk-isam.is\/en\/wp-json\/wp\/v2\/pages"}],"about":[{"href":"https:\/\/ojk-isam.is\/en\/wp-json\/wp\/v2\/types\/page"}],"author":[{"embeddable":true,"href":"https:\/\/ojk-isam.is\/en\/wp-json\/wp\/v2\/users\/1"}],"replies":[{"embeddable":true,"href":"https:\/\/ojk-isam.is\/en\/wp-json\/wp\/v2\/comments?post=3625"}],"version-history":[{"count":0,"href":"https:\/\/ojk-isam.is\/en\/wp-json\/wp\/v2\/pages\/3625\/revisions"}],"wp:featuredmedia":[{"embeddable":true,"href":"https:\/\/ojk-isam.is\/en\/wp-json\/wp\/v2\/media\/3521"}],"wp:attachment":[{"href":"https:\/\/ojk-isam.is\/en\/wp-json\/wp\/v2\/media?parent=3625"}],"curies":[{"name":"wp","href":"https:\/\/api.w.org\/{rel}","templated":true}]}}