{"id":90,"date":"2018-09-24T19:29:04","date_gmt":"2018-09-24T19:29:04","guid":{"rendered":"http:\/\/212.67.221.222\/~ojk\/app\/?page_id=90"},"modified":"2026-03-17T15:40:08","modified_gmt":"2026-03-17T15:40:08","slug":"about-us","status":"publish","type":"page","link":"https:\/\/ojk-isam.is\/en\/um-okkur\/","title":{"rendered":"About us"},"content":{"rendered":"<div class='breakdance'><section class=\"bde-section-90-100 bde-section\">\n  \n  \n\t\n\n\n\n<div class=\"section-container\"><h3 class=\"bde-heading-90-101 bde-heading\">\nAbout us\n<\/h3><h1 class=\"bde-heading-90-102 bde-heading\">\nAn outstanding company for more than 117 years\n<\/h1><img decoding=\"async\" class=\"bde-image2-90-107 bde-image2\" src=\"https:\/\/ojk-isam.is\/wp-content\/uploads\/2024\/01\/RGB_FF-2023-Ice-Red-Horz-2.png\" loading=\"lazy\" srcset=\"https:\/\/ojk-isam.is\/wp-content\/uploads\/2024\/01\/RGB_FF-2023-Ice-Red-Horz-2.png 1813w, https:\/\/ojk-isam.is\/wp-content\/uploads\/2024\/01\/RGB_FF-2023-Ice-Red-Horz-2-300x81.png 300w, https:\/\/ojk-isam.is\/wp-content\/uploads\/2024\/01\/RGB_FF-2023-Ice-Red-Horz-2-1024x278.png 1024w, https:\/\/ojk-isam.is\/wp-content\/uploads\/2024\/01\/RGB_FF-2023-Ice-Red-Horz-2-768x208.png 768w, https:\/\/ojk-isam.is\/wp-content\/uploads\/2024\/01\/RGB_FF-2023-Ice-Red-Horz-2-1536x417.png 1536w, https:\/\/ojk-isam.is\/wp-content\/uploads\/2024\/01\/RGB_FF-2023-Ice-Red-Horz-2-1600x434.png 1600w, https:\/\/ojk-isam.is\/wp-content\/uploads\/2024\/01\/RGB_FF-2023-Ice-Red-Horz-2-500x136.png 500w, https:\/\/ojk-isam.is\/wp-content\/uploads\/2024\/01\/RGB_FF-2023-Ice-Red-Horz-2-800x217.png 800w, https:\/\/ojk-isam.is\/wp-content\/uploads\/2024\/01\/RGB_FF-2023-Ice-Red-Horz-2-1070x290.png 1070w, https:\/\/ojk-isam.is\/wp-content\/uploads\/2024\/01\/RGB_FF-2023-Ice-Red-Horz-2-1000x271.png 1000w, https:\/\/ojk-isam.is\/wp-content\/uploads\/2024\/01\/RGB_FF-2023-Ice-Red-Horz-2-835x227.png 835w\" sizes=\"(max-width: 1813px) 100vw, 1813px\"><div class=\"bde-div-90-103 bde-div\">\n  \n  \n\t\n\n\n\n<div class=\"bde-gallery-90-106 bde-gallery\">\n\n\n\n\n\n\n\n\n\n\n\n\n\n<div class=\"ee-gallery ee-gallery--isotope ee-gallery--justified ee-gallery--single ee-gallery--none ee-gallery-- ee-gallery--caption- ee-gallery--caption-none ee-gallery--ratio\">\n                  \n      <div class=\"ee-gallery-item ee-gallery-item--image ee-gallery-item--single\" href=\"https:\/\/ojk-isam.is\/wp-content\/uploads\/2024\/01\/Untitled_1.59.1.jpg\"  data-sub-html=\"<span><\/span>\" data-category=\"1\"                  data-lg-size=\"1920-1080\"\n\n      >\n        <figure class=\"ee-gallery-item-figure\">\n                        <img decoding=\"async\" class=\"breakdance-image-object\" src=\"https:\/\/ojk-isam.is\/wp-content\/uploads\/2024\/01\/Untitled_1.59.1-1024x576.jpg\" width=\"680\" height=\"383\" srcset=\"https:\/\/ojk-isam.is\/wp-content\/uploads\/2024\/01\/Untitled_1.59.1.jpg 1920w, https:\/\/ojk-isam.is\/wp-content\/uploads\/2024\/01\/Untitled_1.59.1-300x169.jpg 300w, https:\/\/ojk-isam.is\/wp-content\/uploads\/2024\/01\/Untitled_1.59.1-1024x576.jpg 1024w, https:\/\/ojk-isam.is\/wp-content\/uploads\/2024\/01\/Untitled_1.59.1-768x432.jpg 768w, https:\/\/ojk-isam.is\/wp-content\/uploads\/2024\/01\/Untitled_1.59.1-1536x864.jpg 1536w, https:\/\/ojk-isam.is\/wp-content\/uploads\/2024\/01\/Untitled_1.59.1-1600x900.jpg 1600w, https:\/\/ojk-isam.is\/wp-content\/uploads\/2024\/01\/Untitled_1.59.1-500x281.jpg 500w, https:\/\/ojk-isam.is\/wp-content\/uploads\/2024\/01\/Untitled_1.59.1-800x450.jpg 800w, https:\/\/ojk-isam.is\/wp-content\/uploads\/2024\/01\/Untitled_1.59.1-1070x602.jpg 1070w, https:\/\/ojk-isam.is\/wp-content\/uploads\/2024\/01\/Untitled_1.59.1-1000x563.jpg 1000w, https:\/\/ojk-isam.is\/wp-content\/uploads\/2024\/01\/Untitled_1.59.1-835x470.jpg 835w\" sizes=\"auto, (max-width: 1920px) 100vw, 1920px\" loading=\"lazy\">\n          \n                  <\/figure>\n      <\/div>\n\n                \n      <div class=\"ee-gallery-item ee-gallery-item--image ee-gallery-item--single\" href=\"https:\/\/ojk-isam.is\/wp-content\/uploads\/2018\/09\/OJKsaga2aa.jpg\"  data-sub-html=\"<span><\/span>\" data-category=\"1\"                  data-lg-size=\"2021-1455\"\n\n      >\n        <figure class=\"ee-gallery-item-figure\">\n                        <img decoding=\"async\" class=\"breakdance-image-object\" src=\"https:\/\/ojk-isam.is\/wp-content\/uploads\/2018\/09\/OJKsaga2aa-1024x737.jpg\" width=\"680\" height=\"489\" srcset=\"https:\/\/ojk-isam.is\/wp-content\/uploads\/2018\/09\/OJKsaga2aa.jpg 2021w, https:\/\/ojk-isam.is\/wp-content\/uploads\/2018\/09\/OJKsaga2aa-300x216.jpg 300w, https:\/\/ojk-isam.is\/wp-content\/uploads\/2018\/09\/OJKsaga2aa-768x553.jpg 768w, https:\/\/ojk-isam.is\/wp-content\/uploads\/2018\/09\/OJKsaga2aa-1024x737.jpg 1024w, https:\/\/ojk-isam.is\/wp-content\/uploads\/2018\/09\/OJKsaga2aa-1389x1000.jpg 1389w, https:\/\/ojk-isam.is\/wp-content\/uploads\/2018\/09\/OJKsaga2aa-800x576.jpg 800w, https:\/\/ojk-isam.is\/wp-content\/uploads\/2018\/09\/OJKsaga2aa-1070x770.jpg 1070w, https:\/\/ojk-isam.is\/wp-content\/uploads\/2018\/09\/OJKsaga2aa-1000x720.jpg 1000w, https:\/\/ojk-isam.is\/wp-content\/uploads\/2018\/09\/OJKsaga2aa-835x601.jpg 835w\" sizes=\"auto, (max-width: 2021px) 100vw, 2021px\" alt=\"OJK\" loading=\"lazy\">\n          \n                  <\/figure>\n      <\/div>\n\n                \n      <div class=\"ee-gallery-item ee-gallery-item--image ee-gallery-item--single\" href=\"https:\/\/ojk-isam.is\/wp-content\/uploads\/2018\/09\/cl4.jpg\"  data-sub-html=\"<span><\/span>\" data-category=\"1\"                  data-lg-size=\"250-250\"\n\n      >\n        <figure class=\"ee-gallery-item-figure\">\n                        <img decoding=\"async\" class=\"breakdance-image-object\" src=\"https:\/\/ojk-isam.is\/wp-content\/uploads\/2018\/09\/cl4.jpg\" width=\"250\" height=\"250\" srcset=\"https:\/\/ojk-isam.is\/wp-content\/uploads\/2018\/09\/cl4.jpg 250w, https:\/\/ojk-isam.is\/wp-content\/uploads\/2018\/09\/cl4-150x150.jpg 150w, https:\/\/ojk-isam.is\/wp-content\/uploads\/2018\/09\/cl4-125x125.jpg 125w\" sizes=\"auto, (max-width: 250px) 100vw, 250px\" loading=\"lazy\">\n          \n                  <\/figure>\n      <\/div>\n\n                \n      <div class=\"ee-gallery-item ee-gallery-item--image ee-gallery-item--single\" href=\"https:\/\/ojk-isam.is\/wp-content\/uploads\/2018\/09\/cl6.jpg\"  data-sub-html=\"<span><\/span>\" data-category=\"1\"                  data-lg-size=\"345-250\"\n\n      >\n        <figure class=\"ee-gallery-item-figure\">\n                        <img decoding=\"async\" class=\"breakdance-image-object\" src=\"https:\/\/ojk-isam.is\/wp-content\/uploads\/2018\/09\/cl6.jpg\" width=\"345\" height=\"250\" srcset=\"https:\/\/ojk-isam.is\/wp-content\/uploads\/2018\/09\/cl6.jpg 345w, https:\/\/ojk-isam.is\/wp-content\/uploads\/2018\/09\/cl6-300x217.jpg 300w\" sizes=\"auto, (max-width: 345px) 100vw, 345px\" loading=\"lazy\">\n          \n                  <\/figure>\n      <\/div>\n\n                \n      <div class=\"ee-gallery-item ee-gallery-item--image ee-gallery-item--single\" href=\"https:\/\/ojk-isam.is\/wp-content\/uploads\/2024\/01\/Untitled_1.57.1.jpg\"  data-sub-html=\"<span><\/span>\" data-category=\"1\"                  data-lg-size=\"1920-1080\"\n\n      >\n        <figure class=\"ee-gallery-item-figure\">\n                        <img decoding=\"async\" class=\"breakdance-image-object\" src=\"https:\/\/ojk-isam.is\/wp-content\/uploads\/2024\/01\/Untitled_1.57.1-1024x576.jpg\" width=\"680\" height=\"383\" srcset=\"https:\/\/ojk-isam.is\/wp-content\/uploads\/2024\/01\/Untitled_1.57.1.jpg 1920w, https:\/\/ojk-isam.is\/wp-content\/uploads\/2024\/01\/Untitled_1.57.1-300x169.jpg 300w, https:\/\/ojk-isam.is\/wp-content\/uploads\/2024\/01\/Untitled_1.57.1-1024x576.jpg 1024w, https:\/\/ojk-isam.is\/wp-content\/uploads\/2024\/01\/Untitled_1.57.1-768x432.jpg 768w, https:\/\/ojk-isam.is\/wp-content\/uploads\/2024\/01\/Untitled_1.57.1-1536x864.jpg 1536w, https:\/\/ojk-isam.is\/wp-content\/uploads\/2024\/01\/Untitled_1.57.1-1600x900.jpg 1600w, https:\/\/ojk-isam.is\/wp-content\/uploads\/2024\/01\/Untitled_1.57.1-500x281.jpg 500w, https:\/\/ojk-isam.is\/wp-content\/uploads\/2024\/01\/Untitled_1.57.1-800x450.jpg 800w, https:\/\/ojk-isam.is\/wp-content\/uploads\/2024\/01\/Untitled_1.57.1-1070x602.jpg 1070w, https:\/\/ojk-isam.is\/wp-content\/uploads\/2024\/01\/Untitled_1.57.1-1000x563.jpg 1000w, https:\/\/ojk-isam.is\/wp-content\/uploads\/2024\/01\/Untitled_1.57.1-835x470.jpg 835w\" sizes=\"auto, (max-width: 1920px) 100vw, 1920px\" loading=\"lazy\">\n          \n                  <\/figure>\n      <\/div>\n\n                \n      <div class=\"ee-gallery-item ee-gallery-item--image ee-gallery-item--single\" href=\"https:\/\/ojk-isam.is\/wp-content\/uploads\/2018\/09\/cl3.jpg\"  data-sub-html=\"<span><\/span>\" data-category=\"1\"                  data-lg-size=\"156-156\"\n\n      >\n        <figure class=\"ee-gallery-item-figure\">\n                        <img decoding=\"async\" class=\"breakdance-image-object\" src=\"https:\/\/ojk-isam.is\/wp-content\/uploads\/2018\/09\/cl3.jpg\" width=\"156\" height=\"156\" srcset=\"https:\/\/ojk-isam.is\/wp-content\/uploads\/2018\/09\/cl3.jpg 156w, https:\/\/ojk-isam.is\/wp-content\/uploads\/2018\/09\/cl3-150x150.jpg 150w, https:\/\/ojk-isam.is\/wp-content\/uploads\/2018\/09\/cl3-125x125.jpg 125w\" sizes=\"auto, (max-width: 156px) 100vw, 156px\" loading=\"lazy\">\n          \n                  <\/figure>\n      <\/div>\n\n      \n      <div class=\"ee-gallery-gutter\"><\/div>\n  <\/div>\n\n\n\n<\/div>\n<\/div><\/div>\n<\/section><section class=\"bde-section-90-115 bde-section\">\n  \n  \n\t\n\n\n\n<div class=\"section-container\"><div class=\"bde-div-90-114 bde-div\">\n  \n  \n\t\n\n\n\n<div class=\"bde-button-90-113 bde-button\">\n    \n                        \n                        \n    \n    \n    \n    \n            \n                    \n            \n            \n\n    \n    \n    \n    \n    \n    <a class=\"breakdance-link button-atom button-atom--text bde-button__button\" href=\"#okkur\" target=\"_self\" data-type=\"url\"  >\n\n    \n        <span class=\"button-atom__text\">About us<\/span>\n\n        \n        \n                <\/a>\n\n    \n\n\n<\/div><div class=\"bde-button-90-118 bde-button\">\n    \n                        \n                        \n    \n    \n    \n    \n            \n                    \n            \n            \n\n    \n    \n    \n    \n    \n    <a class=\"breakdance-link button-atom button-atom--text bde-button__button\" href=\"https:\/\/ojk-isam.is\/en\/about-us\/management-and-strategy\/\" target=\"_self\" data-type=\"url\"  >\n\n    \n        <span class=\"button-atom__text\">Management<\/span>\n\n        \n        \n                <\/a>\n\n    \n\n\n<\/div><div class=\"bde-button-90-117 bde-button\">\n    \n                        \n                        \n    \n    \n    \n    \n            \n                    \n            \n            \n\n    \n    \n    \n    \n    \n    <a class=\"breakdance-link button-atom button-atom--text bde-button__button\" href=\"https:\/\/ojk-isam.is\/en\/about-us\/human-capital\/\" target=\"_self\" data-type=\"url\"  >\n\n    \n        <span class=\"button-atom__text\">Human capital<\/span>\n\n        \n        \n                <\/a>\n\n    \n\n\n<\/div><div class=\"bde-button-90-116 bde-button\">\n    \n                        \n                        \n    \n    \n    \n    \n            \n                    \n            \n            \n\n    \n    \n    \n    \n    \n    <a class=\"breakdance-link button-atom button-atom--text bde-button__button\" href=\"https:\/\/ojk-isam.is\/en\/about-us\/workers\/\" target=\"_self\" data-type=\"url\"  >\n\n    \n        <span class=\"button-atom__text\">Staff<\/span>\n\n        \n        \n                <\/a>\n\n    \n\n\n<\/div>\n<\/div><div id=\"okkur\" class=\"bde-columns-90-108 bde-columns\"><div class=\"bde-column-90-109 bde-column\">\n  \n  \n\t\n\n\n\n<div class=\"bde-text-90-112 bde-text\">\n\u00d3J&amp;K-\u00cdSAM is one of Iceland\u2018s leading wholesales and distributors, formed in 2021 through the merger of two established importing firms, \u00d3. Johnson &amp; Kaaber and \u00cdSAM.<br><br>\u00d3J&amp;K was established in 1906 and still stands as the country\u2018s first and oldest wholesale, while \u00cdSAM, founded in 1964, brings six decades of expertise to the table. We are a progressive company, built on solid ground.\n<\/div>\n<\/div><div class=\"bde-column-90-110 bde-column\">\n  \n  \n\t\n\n\n\n<div class=\"bde-text-90-111 bde-text\">\nOur staff has great, accumulated experience and knowledge of the brands we sell and are well connected in both the retail and catering markets.<br><br>We import a diverse selection of products from all over the world, ranging from frozen food to dry goods, hygienic and cleaning products and more. We also specialize in coffee and coffee-related products, accessories and machines.\n<\/div>\n<\/div><\/div><div class=\"bde-columns-90-119 bde-columns\"><div class=\"bde-column-90-120 bde-column\">\n  \n  \n\t\n\n\n\n<h3 class=\"bde-heading-90-125 bde-heading\">\nAbout us\n<\/h3><h2 class=\"bde-heading-90-126 bde-heading\">\nWorking together for more than a century\n<\/h2><div class=\"bde-text-90-121 bde-text\">\nEach and every person on our staff is a valued member of the \u00d3J&amp;K-\u00cdSAM team of 130 people. We strong unit that works well together \u2013 and make a point of getting together outside the workplace for fun and family activities, organized by Huginn, the company\u2019s staff association.\n\n\u00d3J&amp;K-\u00cdSAM\u2019s CEO and Managing Director is \u00d3lafur \u00d3. Johnson.\n<\/div>\n<\/div><div class=\"bde-column-90-122 bde-column\">\n  \n  \n\t\n\n\n\n<img decoding=\"async\" class=\"bde-image2-90-124 bde-image2\" src=\"https:\/\/ojk-isam.is\/wp-content\/uploads\/2026\/03\/ojkoum-okkur-e1773744598684.png\" loading=\"lazy\" srcset=\"https:\/\/ojk-isam.is\/wp-content\/uploads\/2026\/03\/ojkoum-okkur-e1773744598684.png 1780w, https:\/\/ojk-isam.is\/wp-content\/uploads\/2026\/03\/ojkoum-okkur-e1773744598684-255x300.png 255w, https:\/\/ojk-isam.is\/wp-content\/uploads\/2026\/03\/ojkoum-okkur-e1773744598684-869x1024.png 869w, https:\/\/ojk-isam.is\/wp-content\/uploads\/2026\/03\/ojkoum-okkur-e1773744598684-768x905.png 768w, https:\/\/ojk-isam.is\/wp-content\/uploads\/2026\/03\/ojkoum-okkur-e1773744598684-1304x1536.png 1304w, https:\/\/ojk-isam.is\/wp-content\/uploads\/2026\/03\/ojkoum-okkur-e1773744598684-1738x2048.png 1738w, https:\/\/ojk-isam.is\/wp-content\/uploads\/2026\/03\/ojkoum-okkur-e1773744598684-849x1000.png 849w, https:\/\/ojk-isam.is\/wp-content\/uploads\/2026\/03\/ojkoum-okkur-e1773744598684-424x500.png 424w, https:\/\/ojk-isam.is\/wp-content\/uploads\/2026\/03\/ojkoum-okkur-e1773744598684-679x800.png 679w, https:\/\/ojk-isam.is\/wp-content\/uploads\/2026\/03\/ojkoum-okkur-e1773744598684-931x1097.png 931w, https:\/\/ojk-isam.is\/wp-content\/uploads\/2026\/03\/ojkoum-okkur-e1773744598684-802x945.png 802w\" sizes=\"(max-width: 1780px) 100vw, 1780px\">\n<\/div><\/div><div class=\"bde-columns-90-127 bde-columns\"><div class=\"bde-column-90-132 bde-column\">\n  \n  \n\t\n\n\n\n<img decoding=\"async\" class=\"bde-image2-90-133 bde-image2\" src=\"https:\/\/ojk-isam.is\/wp-content\/uploads\/2018\/09\/OJKSaga6a.jpg\" loading=\"lazy\" srcset=\"https:\/\/ojk-isam.is\/wp-content\/uploads\/2018\/09\/OJKSaga6a.jpg 2650w, https:\/\/ojk-isam.is\/wp-content\/uploads\/2018\/09\/OJKSaga6a-300x224.jpg 300w, https:\/\/ojk-isam.is\/wp-content\/uploads\/2018\/09\/OJKSaga6a-768x573.jpg 768w, https:\/\/ojk-isam.is\/wp-content\/uploads\/2018\/09\/OJKSaga6a-1024x764.jpg 1024w, https:\/\/ojk-isam.is\/wp-content\/uploads\/2018\/09\/OJKSaga6a-1340x1000.jpg 1340w, https:\/\/ojk-isam.is\/wp-content\/uploads\/2018\/09\/OJKSaga6a-800x597.jpg 800w, https:\/\/ojk-isam.is\/wp-content\/uploads\/2018\/09\/OJKSaga6a-1070x799.jpg 1070w, https:\/\/ojk-isam.is\/wp-content\/uploads\/2018\/09\/OJKSaga6a-1000x746.jpg 1000w, https:\/\/ojk-isam.is\/wp-content\/uploads\/2018\/09\/OJKSaga6a-835x623.jpg 835w\" sizes=\"(max-width: 2650px) 100vw, 2650px\">\n<\/div><div class=\"bde-column-90-128 bde-column\">\n  \n  \n\t\n\n\n\n<h3 class=\"bde-heading-90-129 bde-heading\">\nManagement and Policy\n<\/h3><h2 class=\"bde-heading-90-130 bde-heading\">\nExpertise<br>Quality<br>Service\n<\/h2><div class=\"bde-text-90-131 bde-text\">\nThese are the three main values held in high regard by \u00d3J&amp;K-\u00cdSAM. We aim to always offer products of the best quality at favorable prices, excellent service and reliability in all transactions.\n<\/div>\n<\/div><\/div><div class=\"bde-columns-90-134 bde-columns\"><div class=\"bde-column-90-137 bde-column\">\n  \n  \n\t\n\n\n\n<h3 class=\"bde-heading-90-138 bde-heading\">\nThe story\n<\/h3><h2 class=\"bde-heading-90-139 bde-heading\">\nAn excellent company for more than a century\n<\/h2><div class=\"bde-text-90-140 bde-text\">\nAt major festivals, we often quote Emily Dickinson who said, \u201eWe don't get older every year - but newer every day.\u201c This is truly true of the company \u00d3J&amp;K-\u00cdSAM, which is both progressive and dynamic but has a long history.\n<\/div>\n<\/div><div class=\"bde-column-90-135 bde-column\">\n  \n  \n\t\n\n\n\n<img decoding=\"async\" class=\"bde-image2-90-136 bde-image2\" src=\"https:\/\/ojk-isam.is\/wp-content\/uploads\/2018\/09\/OJKsaga1.jpg\" loading=\"lazy\" srcset=\"https:\/\/ojk-isam.is\/wp-content\/uploads\/2018\/09\/OJKsaga1.jpg 2048w, https:\/\/ojk-isam.is\/wp-content\/uploads\/2018\/09\/OJKsaga1-300x215.jpg 300w, https:\/\/ojk-isam.is\/wp-content\/uploads\/2018\/09\/OJKsaga1-768x552.jpg 768w, https:\/\/ojk-isam.is\/wp-content\/uploads\/2018\/09\/OJKsaga1-1024x736.jpg 1024w, https:\/\/ojk-isam.is\/wp-content\/uploads\/2018\/09\/OJKsaga1-1392x1000.jpg 1392w, https:\/\/ojk-isam.is\/wp-content\/uploads\/2018\/09\/OJKsaga1-800x575.jpg 800w, https:\/\/ojk-isam.is\/wp-content\/uploads\/2018\/09\/OJKsaga1-1070x769.jpg 1070w, https:\/\/ojk-isam.is\/wp-content\/uploads\/2018\/09\/OJKsaga1-1000x718.jpg 1000w, https:\/\/ojk-isam.is\/wp-content\/uploads\/2018\/09\/OJKsaga1-835x600.jpg 835w\" sizes=\"(max-width: 2048px) 100vw, 2048px\">\n<\/div><\/div><\/div>\n<\/section><\/div>","protected":false},"excerpt":{"rendered":"<p>Um okkur Fram\u00farskarandi fyrirt\u00e6ki \u00ed 117 \u00e1r Um okkur Stj\u00f3rn Mannau\u00f0ur Starfsf\u00f3lk Vi\u00f0 erum frams\u00e6ki\u00f0 fyrirt\u00e6ki sem byggir \u00e1 traustum grunni. Hj\u00e1 okkur starfar reynslumiki\u00f0 starfsf\u00f3lk sem sinnir b\u00e6\u00f0i dagv\u00f6rumarka\u00f0i og veitingageiranum.H\u00e9r er valinn ma\u00f0ur \u00ed hverju r\u00fami og li\u00f0sheildin sterk. Markmi\u00f0 okkar er a\u00f0 veita vi\u00f0skiptavinum okkar bestu r\u00e1\u00f0gj\u00f6f og \u00fej\u00f3nustu sem v\u00f6l er&#8230;  <a class=\"excerpt-read-more\" href=\"https:\/\/ojk-isam.is\/en\/um-okkur\/\" title=\"Read Um okkur\">Read more &raquo;<\/a><\/p>","protected":false},"author":1,"featured_media":523,"parent":0,"menu_order":30,"comment_status":"closed","ping_status":"closed","template":"page-breakdance.php","meta":{"_acf_changed":false,"_breakdance_hide_in_design_set":false,"_breakdance_tags":"","footnotes":""},"class_list":["post-90","page","type-page","status-publish","has-post-thumbnail","hentry"],"acf":[],"_links":{"self":[{"href":"https:\/\/ojk-isam.is\/en\/wp-json\/wp\/v2\/pages\/90","targetHints":{"allow":["GET"]}}],"collection":[{"href":"https:\/\/ojk-isam.is\/en\/wp-json\/wp\/v2\/pages"}],"about":[{"href":"https:\/\/ojk-isam.is\/en\/wp-json\/wp\/v2\/types\/page"}],"author":[{"embeddable":true,"href":"https:\/\/ojk-isam.is\/en\/wp-json\/wp\/v2\/users\/1"}],"replies":[{"embeddable":true,"href":"https:\/\/ojk-isam.is\/en\/wp-json\/wp\/v2\/comments?post=90"}],"version-history":[{"count":0,"href":"https:\/\/ojk-isam.is\/en\/wp-json\/wp\/v2\/pages\/90\/revisions"}],"wp:featuredmedia":[{"embeddable":true,"href":"https:\/\/ojk-isam.is\/en\/wp-json\/wp\/v2\/media\/523"}],"wp:attachment":[{"href":"https:\/\/ojk-isam.is\/en\/wp-json\/wp\/v2\/media?parent=90"}],"curies":[{"name":"wp","href":"https:\/\/api.w.org\/{rel}","templated":true}]}}