{"id":96,"date":"2018-09-24T19:29:53","date_gmt":"2018-09-24T19:29:53","guid":{"rendered":"http:\/\/212.67.221.222\/~ojk\/app\/?page_id=96"},"modified":"2026-03-18T09:26:46","modified_gmt":"2026-03-18T09:26:46","slug":"contact","status":"publish","type":"page","link":"https:\/\/ojk-isam.is\/en\/hafa-samband\/","title":{"rendered":"Contact us"},"content":{"rendered":"<div class='breakdance'><section class=\"bde-section-96-111 bde-section\">\n  \n  \n\t\n\n\n\n<div class=\"section-container\"><h3 class=\"bde-heading-96-112 bde-heading\">\nHeyr\u00f0u \u00ed okkur\n<\/h3><h1 class=\"bde-heading-96-113 bde-heading\">\nHafa samband\n<\/h1><div class=\"bde-div-96-139 bde-div\">\n  \n  \n\t\n\n\n\n<div class=\"bde-div-96-114 bde-div\">\n  \n  \n\t\n\n\n\n<div class=\"bde-columns-96-115 bde-columns\"><div class=\"bde-column-96-116 bde-column\">\n  \n  \n\t\n\n\n\n<h2 class=\"bde-heading-96-118 bde-heading\">\nS\u00f6ludeild\n<\/h2><div class=\"bde-fancy-divider-96-121 bde-fancy-divider\">\n\n\n<div class=\"bde-fancy-divider__wrapper\">\n  <div class=\"bde-fancy-divider__separator   \">\n  \t  <\/div>\n<\/div>\n\n<\/div><h4 class=\"bde-heading-96-122 bde-heading\">\nAfgrei\u00f0slut\u00edmi\n<\/h4><div class=\"bde-text-96-125 bde-text\">\nM\u00e1n.\u2013f\u00f6s.: 08:00\u201316:00\n<\/div><h4 class=\"bde-heading-96-123 bde-heading\">\nP\u00f6ntunars\u00edmi\n<\/h4><div class=\"bde-text-96-127 bde-text\">\n535 4000\n<\/div><h4 class=\"bde-heading-96-124 bde-heading\">\nNetfang\n<\/h4><a class=\"bde-text-link-96-137 bde-text-link breakdance-link\" href=\"mailto:pantanir@ojk-isam.is\" target=\"_self\" data-type=\"url\">\n  pantanir@ojk-isam.is\n\n<\/a>\n<\/div><div class=\"bde-column-96-128 bde-column\">\n  \n  \n\t\n\n\n\n<h2 class=\"bde-heading-96-129 bde-heading\">\nV\u00f6ruh\u00fas\n<\/h2><div class=\"bde-fancy-divider-96-130 bde-fancy-divider\">\n\n\n<div class=\"bde-fancy-divider__wrapper\">\n  <div class=\"bde-fancy-divider__separator   \">\n  \t  <\/div>\n<\/div>\n\n<\/div><h4 class=\"bde-heading-96-131 bde-heading\">\nAfgrei\u00f0slut\u00edmi\n<\/h4><div class=\"bde-text-96-132 bde-text\">\nM\u00e1n.\u2013fim.: 08:00\u201317:00<br>F\u00f6studag: 08:00\u201316:00\n<\/div><h4 class=\"bde-heading-96-133 bde-heading\">\nP\u00f6ntunars\u00edmi\n<\/h4><div class=\"bde-text-96-134 bde-text\">\n535 4000\n<\/div><h4 class=\"bde-heading-96-135 bde-heading\">\nNetfang\n<\/h4><a class=\"bde-text-link-96-138 bde-text-link breakdance-link\" href=\"mailto:voruhus@ojk-isam.is\" target=\"_self\" data-type=\"url\">\n  voruhus@ojk-isam.is\n\n<\/a>\n<\/div><\/div>\n<\/div>\n<\/div><\/div>\n<\/section><section class=\"bde-section-96-100 bde-section\">\n  \n  \n\t\n\n\n\n<div class=\"section-container\"><div class=\"bde-columns-96-101 bde-columns\"><div class=\"bde-column-96-102 bde-column\">\n  \n  \n\t\n\n\n\n<h3 class=\"bde-heading-96-107 bde-heading\">\nUppl\u00fdsingar\n<\/h3><h3 class=\"bde-heading-96-106 bde-heading\">\n\u00d3J&K-\u00cdSAM ehf\n<\/h3><div class=\"bde-text-96-108 bde-text\">\nKennitala: 611200-2770<br>VSK nr: 69598\n<\/div><div class=\"bde-div-96-141 bde-div\">\n  \n  \n\t\n\n\n\n<div class=\"bde-text-96-109 bde-text\">\n\u00dej\u00f3nustubor\u00f0:\n<\/div><a class=\"bde-text-link-96-140 bde-text-link breakdance-link\" href=\"tel:5354000\" target=\"_self\" data-type=\"url\">\n  +354 535 4000\n\n<\/a>\n<\/div><div class=\"bde-div-96-143 bde-div\">\n  \n  \n\t\n\n\n\n<div class=\"bde-text-96-144 bde-text\">\nNetfang:\n<\/div><a class=\"bde-text-link-96-145 bde-text-link breakdance-link\" href=\"mailto:ojk-isam@ojk-isam.is\" target=\"_self\" data-type=\"url\">\n  ojk-isam@ojk-isam.is\n\n<\/a>\n<\/div><div class=\"bde-text-96-110 bde-text\">\nBlikasta\u00f0avegi 2\u20138, <br>112 Reykjav\u00edk, \u00cdsland\n<\/div>\n<\/div><div class=\"bde-column-96-103 bde-column\">\n  \n  \n\t\n\n\n\n<h3 class=\"bde-heading-96-105 bde-heading\">\nSendu  okkur l\u00ednu\n<\/h3><div class=\"bde-shortcode-96-104 bde-shortcode\"><script type=\"text\/javascript\">\n\/* <![CDATA[ *\/\nvar gform;gform||(document.addEventListener(\"gform_main_scripts_loaded\",function(){gform.scriptsLoaded=!0}),document.addEventListener(\"gform\/theme\/scripts_loaded\",function(){gform.themeScriptsLoaded=!0}),window.addEventListener(\"DOMContentLoaded\",function(){gform.domLoaded=!0}),gform={domLoaded:!1,scriptsLoaded:!1,themeScriptsLoaded:!1,isFormEditor:()=>\"function\"==typeof InitializeEditor,callIfLoaded:function(o){return!(!gform.domLoaded||!gform.scriptsLoaded||!gform.themeScriptsLoaded&&!gform.isFormEditor()||(gform.isFormEditor()&&console.warn(\"The use of gform.initializeOnLoaded() is deprecated in the form editor context and will be removed in Gravity Forms 3.1.\"),o(),0))},initializeOnLoaded:function(o){gform.callIfLoaded(o)||(document.addEventListener(\"gform_main_scripts_loaded\",()=>{gform.scriptsLoaded=!0,gform.callIfLoaded(o)}),document.addEventListener(\"gform\/theme\/scripts_loaded\",()=>{gform.themeScriptsLoaded=!0,gform.callIfLoaded(o)}),window.addEventListener(\"DOMContentLoaded\",()=>{gform.domLoaded=!0,gform.callIfLoaded(o)}))},hooks:{action:{},filter:{}},addAction:function(o,r,e,t){gform.addHook(\"action\",o,r,e,t)},addFilter:function(o,r,e,t){gform.addHook(\"filter\",o,r,e,t)},doAction:function(o){gform.doHook(\"action\",o,arguments)},applyFilters:function(o){return gform.doHook(\"filter\",o,arguments)},removeAction:function(o,r){gform.removeHook(\"action\",o,r)},removeFilter:function(o,r,e){gform.removeHook(\"filter\",o,r,e)},addHook:function(o,r,e,t,n){null==gform.hooks[o][r]&&(gform.hooks[o][r]=[]);var d=gform.hooks[o][r];null==n&&(n=r+\"_\"+d.length),gform.hooks[o][r].push({tag:n,callable:e,priority:t=null==t?10:t})},doHook:function(r,o,e){var t;if(e=Array.prototype.slice.call(e,1),null!=gform.hooks[r][o]&&((o=gform.hooks[r][o]).sort(function(o,r){return o.priority-r.priority}),o.forEach(function(o){\"function\"!=typeof(t=o.callable)&&(t=window[t]),\"action\"==r?t.apply(null,e):e[0]=t.apply(null,e)})),\"filter\"==r)return e[0]},removeHook:function(o,r,t,n){var e;null!=gform.hooks[o][r]&&(e=(e=gform.hooks[o][r]).filter(function(o,r,e){return!!(null!=n&&n!=o.tag||null!=t&&t!=o.priority)}),gform.hooks[o][r]=e)}});\n\/* ]]> *\/\n<\/script>\n\n                <div class='gf_browser_gecko gform_wrapper gform_legacy_markup_wrapper gform-theme--no-framework' data-form-theme='legacy' data-form-index='0' id='gform_wrapper_1' ><div id='gf_1' class='gform_anchor' tabindex='-1'><\/div>\n                        <div class='gform_heading'>\n                            <p class='gform_description'><\/p>\n                        <\/div><form method='post' enctype='multipart\/form-data'  id='gform_1'  action='\/en\/wp-json\/wp\/v2\/pages\/96#gf_1' data-formid='1' novalidate>\n                        <div class='gform-body gform_body'><ul id='gform_fields_1' class='gform_fields top_label form_sublabel_below description_below validation_below'><li id=\"field_1_1\" class=\"gfield gfield--type-text form-controler gf_left_half gfield_contains_required field_sublabel_below gfield--no-description field_description_below field_validation_below gfield_visibility_visible\"  ><label class='gfield_label gform-field-label' for='input_1_1'>Nafn<span class=\"gfield_required\"><span class=\"gfield_required gfield_required_asterisk\">*<\/span><\/span><\/label><div class='ginput_container ginput_container_text'><input name='input_1' id='input_1_1' type='text' value='' class='large'    placeholder='Nafn' aria-required=\"true\" aria-invalid=\"false\"   \/><\/div><\/li><li id=\"field_1_2\" class=\"gfield gfield--type-email gf_right_half form-controler gfield_contains_required field_sublabel_below gfield--no-description field_description_below field_validation_below gfield_visibility_visible\"  ><label class='gfield_label gform-field-label' for='input_1_2'>Netfang<span class=\"gfield_required\"><span class=\"gfield_required gfield_required_asterisk\">*<\/span><\/span><\/label><div class='ginput_container ginput_container_email'>\n                            <input name='input_2' id='input_1_2' type='email' value='' class='large'   placeholder='Netfang' aria-required=\"true\" aria-invalid=\"false\"  \/>\n                        <\/div><\/li><li id=\"field_1_3\" class=\"gfield gfield--type-text form-controler gf_left_half field_sublabel_below gfield--no-description field_description_below field_validation_below gfield_visibility_visible\"  ><label class='gfield_label gform-field-label' for='input_1_3'>S\u00edman\u00famer<\/label><div class='ginput_container ginput_container_text'><input name='input_3' id='input_1_3' type='text' value='' class='large'    placeholder='S\u00edman\u00famer'  aria-invalid=\"false\"   \/><\/div><\/li><li id=\"field_1_4\" class=\"gfield gfield--type-text form-controler gf_right_half field_sublabel_below gfield--no-description field_description_below field_validation_below gfield_visibility_visible\"  ><label class='gfield_label gform-field-label' for='input_1_4'>Vi\u00f0fangsefni<\/label><div class='ginput_container ginput_container_text'><input name='input_4' id='input_1_4' type='text' value='' class='large'    placeholder='Vi\u00f0fangsefni'  aria-invalid=\"false\"   \/><\/div><\/li><li id=\"field_1_5\" class=\"gfield gfield--type-textarea form-controler gfield_contains_required field_sublabel_below gfield--no-description field_description_below field_validation_below gfield_visibility_visible\"  ><label class='gfield_label gform-field-label' for='input_1_5'>Skilabo\u00f0<span class=\"gfield_required\"><span class=\"gfield_required gfield_required_asterisk\">*<\/span><\/span><\/label><div class='ginput_container ginput_container_textarea'><textarea name='input_5' id='input_1_5' class='textarea large'    placeholder='Skilabo\u00f0' aria-required=\"true\" aria-invalid=\"false\"   rows='10' cols='50'><\/textarea><\/div><\/li><\/ul><\/div>\n        <div class='gform-footer gform_footer top_label'> <input type='submit' id='gform_submit_button_1' class='gform_button button' onclick='gform.submission.handleButtonClick(this);' data-submission-type='submit' value='Senda skilabo\u00f0'  \/> \n            <input type='hidden' class='gform_hidden' name='gform_submission_method' data-js='gform_submission_method_1' value='postback' \/>\n            <input type='hidden' class='gform_hidden' name='gform_theme' data-js='gform_theme_1' id='gform_theme_1' value='legacy' \/>\n            <input type='hidden' class='gform_hidden' name='gform_style_settings' data-js='gform_style_settings_1' id='gform_style_settings_1' value='[]' \/>\n            <input type='hidden' class='gform_hidden' name='is_submit_1' value='1' \/>\n            <input type='hidden' class='gform_hidden' name='gform_submit' value='1' \/>\n            \n            <input type='hidden' class='gform_hidden' name='gform_currency' data-currency='USD' value='31FCGaUB7eYFOju2QFqPCXvM5a4PI3dH1P1icSEDYRdAP5eIELRcX4nRLFPH4iPs+cu6VaIUajH\/5KJ6EBJOx\/68unsUtbwYi05p5g9cvMxmxm4=' \/>\n            <input type='hidden' class='gform_hidden' name='gform_unique_id' value='' \/>\n            <input type='hidden' class='gform_hidden' name='state_1' value='WyJbXSIsIjNkZWU1N2YwYzlkNTZhZGIwNTY4M2FkNTIwMzEwNjJhIl0=' \/>\n            <input type='hidden' autocomplete='off' class='gform_hidden' name='gform_target_page_number_1' id='gform_target_page_number_1' value='0' \/>\n            <input type='hidden' autocomplete='off' class='gform_hidden' name='gform_source_page_number_1' id='gform_source_page_number_1' value='1' \/>\n            <input type='hidden' name='gform_field_values' value='' \/>\n            \n        <\/div>\n                        <\/form>\n                        <\/div><script type=\"text\/javascript\">\n\/* <![CDATA[ *\/\n gform.initializeOnLoaded( function() {gformInitSpinner( 1, 'https:\/\/ojk-isam.is\/wp-content\/plugins\/gravityforms\/images\/spinner.svg', true );jQuery('#gform_ajax_frame_1').on('load',function(){var contents = jQuery(this).contents().find('*').html();var is_postback = contents.indexOf('GF_AJAX_POSTBACK') >= 0;if(!is_postback){return;}var form_content = jQuery(this).contents().find('#gform_wrapper_1');var is_confirmation = jQuery(this).contents().find('#gform_confirmation_wrapper_1').length > 0;var is_redirect = contents.indexOf('gformRedirect(){') >= 0;var is_form = form_content.length > 0 && ! is_redirect && ! is_confirmation;var mt = parseInt(jQuery('html').css('margin-top'), 10) + parseInt(jQuery('body').css('margin-top'), 10) + 100;if(is_form){jQuery('#gform_wrapper_1').html(form_content.html());if(form_content.hasClass('gform_validation_error')){jQuery('#gform_wrapper_1').addClass('gform_validation_error');} else {jQuery('#gform_wrapper_1').removeClass('gform_validation_error');}setTimeout( function() { \/* delay the scroll by 50 milliseconds to fix a bug in chrome *\/ jQuery(document).scrollTop(jQuery('#gform_wrapper_1').offset().top - mt); }, 50 );if(window['gformInitDatepicker']) {gformInitDatepicker();}if(window['gformInitPriceFields']) {gformInitPriceFields();}var current_page = jQuery('#gform_source_page_number_1').val();gformInitSpinner( 1, 'https:\/\/ojk-isam.is\/wp-content\/plugins\/gravityforms\/images\/spinner.svg', true );jQuery(document).trigger('gform_page_loaded', [1, current_page]);window['gf_submitting_1'] = false;}else if(!is_redirect){var confirmation_content = jQuery(this).contents().find('.GF_AJAX_POSTBACK').html();if(!confirmation_content){confirmation_content = contents;}jQuery('#gform_wrapper_1').replaceWith(confirmation_content);jQuery(document).scrollTop(jQuery('#gf_1').offset().top - mt);jQuery(document).trigger('gform_confirmation_loaded', [1]);window['gf_submitting_1'] = false;wp.a11y.speak(jQuery('#gform_confirmation_message_1').text());}else{jQuery('#gform_1').append(contents);if(window['gformRedirect']) {gformRedirect();}}jQuery(document).trigger(\"gform_pre_post_render\", [{ formId: \"1\", currentPage: \"current_page\", abort: function() { this.preventDefault(); } }]);        if (event && event.defaultPrevented) {                return;        }        const gformWrapperDiv = document.getElementById( \"gform_wrapper_1\" );        if ( gformWrapperDiv ) {            const visibilitySpan = document.createElement( \"span\" );            visibilitySpan.id = \"gform_visibility_test_1\";            gformWrapperDiv.insertAdjacentElement( \"afterend\", visibilitySpan );        }        const visibilityTestDiv = document.getElementById( \"gform_visibility_test_1\" );        let postRenderFired = false;        function triggerPostRender() {            if ( postRenderFired ) {                return;            }            postRenderFired = true;            gform.core.triggerPostRenderEvents( 1, current_page );            if ( visibilityTestDiv ) {                visibilityTestDiv.parentNode.removeChild( visibilityTestDiv );            }        }        function debounce( func, wait, immediate ) {            var timeout;            return function() {                var context = this, args = arguments;                var later = function() {                    timeout = null;                    if ( !immediate ) func.apply( context, args );                };                var callNow = immediate && !timeout;                clearTimeout( timeout );                timeout = setTimeout( later, wait );                if ( callNow ) func.apply( context, args );            };        }        const debouncedTriggerPostRender = debounce( function() {            triggerPostRender();        }, 200 );        if ( visibilityTestDiv && visibilityTestDiv.offsetParent === null ) {            const observer = new MutationObserver( ( mutations ) => {                mutations.forEach( ( mutation ) => {                    if ( mutation.type === 'attributes' && visibilityTestDiv.offsetParent !== null ) {                        debouncedTriggerPostRender();                        observer.disconnect();                    }                });            });            observer.observe( document.body, {                attributes: true,                childList: false,                subtree: true,                attributeFilter: [ 'style', 'class' ],            });        } else {            triggerPostRender();        }    } );} ); \n\/* ]]> *\/\n<\/script>\n<\/div>\n<\/div><\/div><\/div>\n<\/section><\/div>","protected":false},"excerpt":{"rendered":"<p>Heyr\u00f0u \u00ed okkur Hafa samband S\u00f6ludeild Afgrei\u00f0slut\u00edmi M\u00e1n.\u2013f\u00f6s.: 08:00\u201316:00 P\u00f6ntunars\u00edmi 535 4000 Netfang pantanir@ojk-isam.is V\u00f6ruh\u00fas Afgrei\u00f0slut\u00edmi M\u00e1n.\u2013fim.: 08:00\u201317:00F\u00f6studag: 08:00\u201316:00 P\u00f6ntunars\u00edmi 535 4000 Netfang voruhus@ojk-isam.is Uppl\u00fdsingar \u00d3J&#038;K-\u00cdSAM ehf Kennitala: 611200-2770VSK nr: 69598 \u00dej\u00f3nustubor\u00f0: +354 535 4000 Netfang: ojk-isam@ojk-isam.is Blikasta\u00f0avegi 2\u20138, 112 Reykjav\u00edk, \u00cdsland Sendu okkur l\u00ednu Nafn*Netfang* S\u00edman\u00famerVi\u00f0fangsefniSkilabo\u00f0*<\/p>","protected":false},"author":1,"featured_media":1036,"parent":0,"menu_order":47,"comment_status":"closed","ping_status":"closed","template":"page-breakdance.php","meta":{"_acf_changed":false,"_breakdance_hide_in_design_set":false,"_breakdance_tags":"","footnotes":""},"class_list":["post-96","page","type-page","status-publish","has-post-thumbnail","hentry"],"acf":[],"_links":{"self":[{"href":"https:\/\/ojk-isam.is\/en\/wp-json\/wp\/v2\/pages\/96","targetHints":{"allow":["GET"]}}],"collection":[{"href":"https:\/\/ojk-isam.is\/en\/wp-json\/wp\/v2\/pages"}],"about":[{"href":"https:\/\/ojk-isam.is\/en\/wp-json\/wp\/v2\/types\/page"}],"author":[{"embeddable":true,"href":"https:\/\/ojk-isam.is\/en\/wp-json\/wp\/v2\/users\/1"}],"replies":[{"embeddable":true,"href":"https:\/\/ojk-isam.is\/en\/wp-json\/wp\/v2\/comments?post=96"}],"version-history":[{"count":0,"href":"https:\/\/ojk-isam.is\/en\/wp-json\/wp\/v2\/pages\/96\/revisions"}],"wp:featuredmedia":[{"embeddable":true,"href":"https:\/\/ojk-isam.is\/en\/wp-json\/wp\/v2\/media\/1036"}],"wp:attachment":[{"href":"https:\/\/ojk-isam.is\/en\/wp-json\/wp\/v2\/media?parent=96"}],"curies":[{"name":"wp","href":"https:\/\/api.w.org\/{rel}","templated":true}]}}